{"id":1190,"date":"2018-09-11T10:41:28","date_gmt":"2018-09-11T08:41:28","guid":{"rendered":"https:\/\/2018.nice.wordcamp.org\/?page_id=1190"},"modified":"2018-09-11T10:56:28","modified_gmt":"2018-09-11T08:56:28","slug":"nice-buzz","status":"publish","type":"page","link":"https:\/\/nice.wordcamp.org\/2018\/nice-buzz\/","title":{"rendered":"Nice Buzz"},"content":{"rendered":"\n<p>Maintenant que le <a href=\"https:\/\/2018.nice.wordcamp.org\/programme\/\">programme du Nice WordCamp<\/a> est en ligne, n&rsquo;attendez plus pour <a href=\"https:\/\/2018.nice.wordcamp.org\/tickets\/\">prendre votre place,<\/a> et surtout, pour partager cet \u00e9v\u00e9nement avec le monde entier ^^<\/p>\n\n\n\n<p>Que vous soyez un <em>nice speaker, un nice sponsor, un nice volunteer<\/em> ou que vous ayez tout simplement envie de dire <em>\u00ab\u00a0Meet me at the Nice WordCamp!\u00a0\u00bb<\/em>, nous avons pr\u00e9vu des badges pour vos sites ou vos r\u00e9seaux sociaux pr\u00e9f\u00e9r\u00e9s \ud83d\ude42<\/p>\n\n\n\n<p>See you soon, take care!<\/p>\n\n\n\n<ul class=\"wp-block-gallery columns-3 is-cropped wp-block-gallery-1 is-layout-flex wp-block-gallery-is-layout-flex\"><li class=\"blocks-gallery-item\"><figure><a href=\"https:\/\/2018.nice.wordcamp.org\/files\/2018\/09\/badge-speaker@2x.png\"><img loading=\"lazy\" decoding=\"async\" width=\"600\" height=\"602\" src=\"https:\/\/2018.nice.wordcamp.org\/files\/2018\/09\/badge-speaker@2x.png\" alt=\"\" class=\"wp-image-1183\" srcset=\"https:\/\/nice.wordcamp.org\/2018\/files\/2018\/09\/badge-speaker@2x.png 600w, https:\/\/nice.wordcamp.org\/2018\/files\/2018\/09\/badge-speaker@2x-150x150.png 150w, https:\/\/nice.wordcamp.org\/2018\/files\/2018\/09\/badge-speaker@2x-300x300.png 300w, https:\/\/nice.wordcamp.org\/2018\/files\/2018\/09\/badge-speaker@2x-299x300.png 299w, https:\/\/nice.wordcamp.org\/2018\/files\/2018\/09\/badge-speaker@2x-100x100.png 100w\" sizes=\"auto, (max-width: 600px) 100vw, 600px\" \/><\/a><\/figure><\/li><li class=\"blocks-gallery-item\"><figure><a href=\"https:\/\/2018.nice.wordcamp.org\/files\/2018\/09\/badge-sponsor@2x.png\"><img loading=\"lazy\" decoding=\"async\" width=\"602\" height=\"602\" src=\"https:\/\/2018.nice.wordcamp.org\/files\/2018\/09\/badge-sponsor@2x.png\" alt=\"\" class=\"wp-image-1185\" srcset=\"https:\/\/nice.wordcamp.org\/2018\/files\/2018\/09\/badge-sponsor@2x.png 602w, https:\/\/nice.wordcamp.org\/2018\/files\/2018\/09\/badge-sponsor@2x-150x150.png 150w, https:\/\/nice.wordcamp.org\/2018\/files\/2018\/09\/badge-sponsor@2x-300x300.png 300w, https:\/\/nice.wordcamp.org\/2018\/files\/2018\/09\/badge-sponsor@2x-100x100.png 100w\" sizes=\"auto, (max-width: 602px) 100vw, 602px\" \/><\/a><\/figure><\/li><li class=\"blocks-gallery-item\"><figure><a href=\"https:\/\/2018.nice.wordcamp.org\/files\/2018\/09\/badge-crew@2x.png\"><img loading=\"lazy\" decoding=\"async\" width=\"602\" height=\"602\" src=\"https:\/\/2018.nice.wordcamp.org\/files\/2018\/09\/badge-crew@2x.png\" alt=\"\" class=\"wp-image-1181\" srcset=\"https:\/\/nice.wordcamp.org\/2018\/files\/2018\/09\/badge-crew@2x.png 602w, https:\/\/nice.wordcamp.org\/2018\/files\/2018\/09\/badge-crew@2x-150x150.png 150w, https:\/\/nice.wordcamp.org\/2018\/files\/2018\/09\/badge-crew@2x-300x300.png 300w, https:\/\/nice.wordcamp.org\/2018\/files\/2018\/09\/badge-crew@2x-100x100.png 100w\" sizes=\"auto, (max-width: 602px) 100vw, 602px\" \/><\/a><\/figure><\/li><li class=\"blocks-gallery-item\"><figure><a href=\"https:\/\/2018.nice.wordcamp.org\/files\/2018\/09\/badge-volunteer@2x.png\"><img loading=\"lazy\" decoding=\"async\" width=\"602\" height=\"602\" src=\"https:\/\/2018.nice.wordcamp.org\/files\/2018\/09\/badge-volunteer@2x.png\" alt=\"\" class=\"wp-image-1189\" srcset=\"https:\/\/nice.wordcamp.org\/2018\/files\/2018\/09\/badge-volunteer@2x.png 602w, https:\/\/nice.wordcamp.org\/2018\/files\/2018\/09\/badge-volunteer@2x-150x150.png 150w, https:\/\/nice.wordcamp.org\/2018\/files\/2018\/09\/badge-volunteer@2x-300x300.png 300w, https:\/\/nice.wordcamp.org\/2018\/files\/2018\/09\/badge-volunteer@2x-100x100.png 100w\" sizes=\"auto, (max-width: 602px) 100vw, 602px\" \/><\/a><\/figure><\/li><li class=\"blocks-gallery-item\"><figure><a href=\"https:\/\/2018.nice.wordcamp.org\/files\/2018\/09\/badge-visitor@2x.png\"><img loading=\"lazy\" decoding=\"async\" width=\"602\" height=\"602\" src=\"https:\/\/2018.nice.wordcamp.org\/files\/2018\/09\/badge-visitor@2x.png\" alt=\"\" class=\"wp-image-1187\" srcset=\"https:\/\/nice.wordcamp.org\/2018\/files\/2018\/09\/badge-visitor@2x.png 602w, https:\/\/nice.wordcamp.org\/2018\/files\/2018\/09\/badge-visitor@2x-150x150.png 150w, https:\/\/nice.wordcamp.org\/2018\/files\/2018\/09\/badge-visitor@2x-300x300.png 300w, https:\/\/nice.wordcamp.org\/2018\/files\/2018\/09\/badge-visitor@2x-100x100.png 100w\" sizes=\"auto, (max-width: 602px) 100vw, 602px\" \/><\/a><\/figure><\/li><\/ul>\n","protected":false},"excerpt":{"rendered":"<p>Maintenant que le programme du Nice WordCamp est en ligne, n&rsquo;attendez plus pour prendre votre place, et surtout, pour partager cet \u00e9v\u00e9nement avec le monde entier ^^ Que vous soyez un nice speaker, un nice sponsor, un nice volunteer ou que vous ayez tout simplement envie de dire \u00ab\u00a0Meet me at the Nice WordCamp!\u00a0\u00bb, nous &hellip; <\/p>\n<p class=\"link-more\"><a href=\"https:\/\/nice.wordcamp.org\/2018\/nice-buzz\/\" class=\"more-link\">Continuer la lecture<span class=\"screen-reader-text\"> de &laquo;&nbsp;Nice Buzz&nbsp;&raquo;<\/span><\/a><\/p>\n","protected":false},"author":14635279,"featured_media":0,"parent":0,"menu_order":0,"comment_status":"closed","ping_status":"closed","template":"","meta":{"jetpack_post_was_ever_published":false,"footnotes":""},"class_list":["post-1190","page","type-page","status-publish","hentry"],"jetpack_sharing_enabled":true,"jetpack_shortlink":"https:\/\/wp.me\/P9NyRC-jc","_links":{"self":[{"href":"https:\/\/nice.wordcamp.org\/2018\/wp-json\/wp\/v2\/pages\/1190","targetHints":{"allow":["GET"]}}],"collection":[{"href":"https:\/\/nice.wordcamp.org\/2018\/wp-json\/wp\/v2\/pages"}],"about":[{"href":"https:\/\/nice.wordcamp.org\/2018\/wp-json\/wp\/v2\/types\/page"}],"author":[{"embeddable":true,"href":"https:\/\/nice.wordcamp.org\/2018\/wp-json\/wp\/v2\/users\/14635279"}],"replies":[{"embeddable":true,"href":"https:\/\/nice.wordcamp.org\/2018\/wp-json\/wp\/v2\/comments?post=1190"}],"version-history":[{"count":7,"href":"https:\/\/nice.wordcamp.org\/2018\/wp-json\/wp\/v2\/pages\/1190\/revisions"}],"predecessor-version":[{"id":1199,"href":"https:\/\/nice.wordcamp.org\/2018\/wp-json\/wp\/v2\/pages\/1190\/revisions\/1199"}],"wp:attachment":[{"href":"https:\/\/nice.wordcamp.org\/2018\/wp-json\/wp\/v2\/media?parent=1190"}],"curies":[{"name":"wp","href":"https:\/\/api.w.org\/{rel}","templated":true}]}}