{"id":12,"date":"2018-03-29T10:19:45","date_gmt":"2018-03-29T08:19:45","guid":{"rendered":"https:\/\/2018.nice.wordcamp.org\/organizers\/"},"modified":"2018-06-13T19:12:45","modified_gmt":"2018-06-13T17:12:45","slug":"la-nice-team","status":"publish","type":"page","link":"https:\/\/nice.wordcamp.org\/2018\/la-nice-team\/","title":{"rendered":"La Nice Team"},"content":{"rendered":"\t<div class=\"wcorg-organizers\">\n\n\t\t\n\t\t\t<div class=\"wcorg-organizer\">\n\t\t\t\t<h2>Val\u00e9rie Galassi<\/h2>\n\t\t\t\t<div class=\"wcorg-organizer-description\">\n\t\t\t\t\t\t\t\t\t\t<img alt='' src='https:\/\/secure.gravatar.com\/avatar\/604d3fd8a6af4266789b1a63b9e4539a7bcdd999149f81beb9dab20b336e7e0a?s=100&#038;d=mm&#038;r=g' srcset='https:\/\/secure.gravatar.com\/avatar\/604d3fd8a6af4266789b1a63b9e4539a7bcdd999149f81beb9dab20b336e7e0a?s=200&#038;d=mm&#038;r=g 2x' class='avatar avatar-100 photo' height='100' width='100' \/>\t\t\t\t\t<p>Apr\u00e8s des \u00e9tudes en Arts Appliqu\u00e9s, puis en Histoire de l\u2019Art et Arch\u00e9ologie, Val\u00e9rie Galassi a\u00a0d\u00e9couvert le monde du Web en 1999 en travaillant pour une start-up ayant cr\u00e9\u00e9 le premier site de communaut\u00e9s virtuelles.<\/p>\n<p>Apr\u00e8s l\u2019\u00e9clatement de la bulle internet, elle se tourne vers le print, d\u2019abord dans une entreprise de marketing direct, comme chef de fabrication et coordinatrice de projet, puis en free lance comme graphiste.<\/p>\n<p>Au cours de ces ann\u00e9es, le web n\u2019\u00e9tait jamais bien loin. Elle a commenc\u00e9 par se plonger dans le HTML en autodidacte, pour finalement reprendre ses \u00e9tudes et apprendre la gestion de projet web et les langages de programmation.<\/p>\n<p>Val\u00e9rie Galassi a\u00a0commenc\u00e9 \u00e0 utiliser WordPress en 2011 pour la cr\u00e9ation de son <a href=\"http:\/\/www.chapitre-onze.fr\/\" target=\"_blank\" rel=\"noopener\">blog personnel de litt\u00e9rature.<\/a><\/p>\n<p>Aujourd\u2019hui, <a href=\"http:\/\/valerie-galassi.com\/\" target=\"_blank\" rel=\"noopener\">elle est int\u00e9gratrice front-end freelance<\/a> et a fait de WordPress son outil de cr\u00e9ation web. Elle enseigne cet outil dans une \u00e9cole et fait partie des \u00e9quipes organisatrices d\u2019\u00e9v\u00e9nements autour de WordPress (Meetups, WordCamps).<\/p>\n\t\t\t\t<\/div>\n\t\t\t<\/div>\n\n\t\t\n\t\t\t<div class=\"wcorg-organizer\">\n\t\t\t\t<h2>Maylis Lambertz<\/h2>\n\t\t\t\t<div class=\"wcorg-organizer-description\">\n\t\t\t\t\t\t\t\t\t\t<img alt='' src='https:\/\/secure.gravatar.com\/avatar\/1f24d4acafe5dff0a748a3d1d9823c20054f9c08280aa3f24f578921f488dd3d?s=100&#038;d=mm&#038;r=g' srcset='https:\/\/secure.gravatar.com\/avatar\/1f24d4acafe5dff0a748a3d1d9823c20054f9c08280aa3f24f578921f488dd3d?s=200&#038;d=mm&#038;r=g 2x' class='avatar avatar-100 photo' height='100' width='100' \/>\t\t\t\t\t<p>D\u00e9couverte de WordPress lors d&rsquo;un\u00a0 master2 Cultures et m\u00e9tiers du Web\u00a0Universit\u00e9 de Marne-la-Vall\u00e9e.<\/p>\n<p>De retour sur Marseille en 2013,\u00a0 Maylis cr\u00e9e le <a href=\"https:\/\/www.meetup.com\/fr-FR\/Marseille-WordPress-Meetup\">meetup WordPress Marseille<\/a> et co-organise des rencontres autour de son syst\u00e8me favori de gestion de contenu (CMS).\u00a0 Le meetup est depuis organis\u00e9 \u00e0 <a href=\"http:\/\/laboate.com\">La Bo[a]t<\/a>e, espace de co-working \u00e0 raison de deux rencontres par mois.<\/p>\n<p>Co-organisatrice du premier\u00a0<a href=\"https:\/\/2017.marseille.wordcamp.org\">Marseille WordCamp<\/a>, Maylis aime prendre part \u00e0 la communaut\u00e9 et partager sa passion pour WordPress.<\/p>\n<p>Auto-entrepreneuse marseillaise \u2013 cr\u00e9atrice de sites web,\u00a0curieuse,\u00a0 autodidacte, joyeuse et optimiste,<br \/>\n<em>elle craint d\u00e9gun !<\/em><\/p>\n<p><a href=\"https:\/\/twitter.com\/Mdemrs\">twitter<\/a> | <a href=\"https:\/\/www.linkedin.com\/in\/maylis-lambertz\/\">linkedin<\/a><\/p>\n\t\t\t\t<\/div>\n\t\t\t<\/div>\n\n\t\t\n\t\t\t<div class=\"wcorg-organizer\">\n\t\t\t\t<h2>Lycia Diaz<\/h2>\n\t\t\t\t<div class=\"wcorg-organizer-description\">\n\t\t\t\t\t\t\t\t\t\t<img alt='' src='https:\/\/secure.gravatar.com\/avatar\/f5a8613951913c500fda96e62502c17fe941c6363997bb47ed1bd37c8a444bee?s=100&#038;d=mm&#038;r=g' srcset='https:\/\/secure.gravatar.com\/avatar\/f5a8613951913c500fda96e62502c17fe941c6363997bb47ed1bd37c8a444bee?s=200&#038;d=mm&#038;r=g 2x' class='avatar avatar-100 photo' height='100' width='100' \/>\t\t\t\t\t<p>Apr\u00e8s une carri\u00e8re dans <a href=\"https:\/\/www.casadelmar.fr\/fr\/\" target=\"_blank\" rel=\"noopener\">l&rsquo;h\u00f4tellerie de luxe<\/a> o\u00f9 elle finit directrice de la restauration, <strong>Lycia Diaz<\/strong> d\u00e9cide de recommencer une nouvelle carri\u00e8re&#8230;<\/p>\n<p>Elle d\u00e9couvre <strong>WordPress<\/strong> seulement en 2014 et trouve en ce CMS une nouvelle passion. Cette soif d&rsquo;apprendre insatiable la m\u00e8ne tout droit \u00e0 la d\u00e9couverte du web, du monde de WordPress, du webdesign et du SEO&#8230;<\/p>\n<p>Elle rencontre <strong>LongHai<\/strong> au cours d&rsquo;une formation de <strong>Web Developper<\/strong> qui lui fait d\u00e9couvrir l&rsquo;envers du d\u00e9cor de WordPress et sa communaut\u00e9 si attachante !<\/p>\n<p>Depuis, elle parcours la France pour assister aux divers <a href=\"https:\/\/la-webeuse.com\/wordcamp\/\" target=\"_blank\" rel=\"noopener\">WordCamps<\/a> et prend go\u00fbt \u00e0 participer \u00e0 l&rsquo;organisation de ces \u00e9v\u00e8nements.<\/p>\n<p>Depuis plus de 3 ans, <strong>Lycia Diaz<\/strong> propose ses services en tant que freelance pour subvenir aux besoins des entreprises en terme de formation, r\u00e9daction web et cr\u00e9ation de site WordPress.<\/p>\n<p>Elle prend aussi plaisir \u00e0 animer divers blogs comme celui <a href=\"https:\/\/astucesdivi.com\/\" target=\"_blank\" rel=\"noopener\">d\u00e9di\u00e9 \u00e0 Divi<\/a>.<\/p>\n\t\t\t\t<\/div>\n\t\t\t<\/div>\n\n\t\t\n\t\t\t<div class=\"wcorg-organizer\">\n\t\t\t\t<h2>Rachel Peter<\/h2>\n\t\t\t\t<div class=\"wcorg-organizer-description\">\n\t\t\t\t\t\t\t\t\t\t<img alt='' src='https:\/\/secure.gravatar.com\/avatar\/f90a46329cd637476b837e2d764b942fe50f86ad43219c1e187daf35dd4247e1?s=100&#038;d=mm&#038;r=g' srcset='https:\/\/secure.gravatar.com\/avatar\/f90a46329cd637476b837e2d764b942fe50f86ad43219c1e187daf35dd4247e1?s=200&#038;d=mm&#038;r=g 2x' class='avatar avatar-100 photo' height='100' width='100' \/>\t\t\t\t\t<p>Rachel est d\u00e9veloppeuse front-end chez <a href=\"https:\/\/www.whodunit.fr\/\">Whodunit<\/a>.<br \/>\n<span style=\"font-size: 1rem\">Elle a commenc\u00e9 \u00e0 utiliser WordPress en 2007 et a d\u00e9velopp\u00e9 son premier th\u00e8me WordPress sur-mesure en 2012.\u00a0<\/span><\/p>\n<p>Elle aime contribuer &#8211; et collectionner les badges sur son profil <a href=\"https:\/\/profiles.wordpress.org\/larrach\">wp.org<\/a> &#8211;\u00a0mais ce qu&rsquo;elle aime par dessus tout c&rsquo;est participer \u00e0 des \u00e9v\u00e8nements. vous l&rsquo;avez peut-\u00eatre d\u00e9j\u00e0 crois\u00e9e sur un WordCamp Paris, Lyon ou Marseille, un WordCamp Europe o\u00f9 encore une KiwiParty.<\/p>\n<p>Rachel est aussi co-animatrice de la <a href=\"https:\/\/www.meetup.com\/fr-FR\/Valence-WordPress-Meetup\/\">communaut\u00e9 WordPress Dr\u00f4me Ard\u00e8che<\/a>, au sein de laquelle elle organise des meetups pour promouvoir les bonnes pratiques et la contribution \u00e0 WordPress.<\/p>\n\t\t\t\t<\/div>\n\t\t\t<\/div>\n\n\t\t\n\t\t\t<div class=\"wcorg-organizer\">\n\t\t\t\t<h2>Sylvain Didier<\/h2>\n\t\t\t\t<div class=\"wcorg-organizer-description\">\n\t\t\t\t\t\t\t\t\t\t<img alt='' src='https:\/\/secure.gravatar.com\/avatar\/?s=100&#038;d=mm&#038;r=g' srcset='https:\/\/secure.gravatar.com\/avatar\/?s=200&#038;d=mm&#038;r=g 2x' class='avatar avatar-100 photo avatar-default' height='100' width='100' \/>\t\t\t\t\t<div class=\"temoignage\">\n<div>\n<div class=\"texte\">\n<p>Enfant du web depuis 17 ans, Sylvain est issu d\u2019une formation design et communication puis a tr\u00e8s vite bascul\u00e9 vers de la conception d\u2019interfaces pour les sites et logiciels. Entrepreneur dans l\u2019\u00e2me il cr\u00e9e <a href=\"https:\/\/www.e-labo.biz\/\">e-labo<\/a>\u00a0en 2009 et partage son quotidien entre son r\u00f4le UI Designer chez\u00a0<a href=\"https:\/\/www.servebox.com\/\">ServeBox<\/a>, une SSII adepte des bonnes pratiques de d\u00e9v, et celui de g\u00e9rant chez e-labo, agence WordPress\u00a0!<br \/>\nIl fait de la veille sur \u00e0 peu pr\u00e8s tous les m\u00e9tiers du web car il adore \u00e7a\u00a0! Il pratique \u00e9galement l\u2019agilit\u00e9 dans le d\u00e9veloppement et la gestion d\u2019\u00e9quipe ce qui fait de lui un parfait mouton \u00e0 six pattes avec de bonnes connaissances techniques et une forte sensibilit\u00e9 pour les choses bien faites et le partage\u00a0\ud83d\ude42<br \/>\nIl anime avec Eddy depuis 2 ans le groupe meetup WordPress Aix-en-Provence, et\u00a0 ont co-organis\u00e9 le premier WordCamp Marseille en septembre 2017. Les voil\u00e0 repartis pour de nouvelles aventures avec le The Nice WordCamp !<\/p>\n<\/div>\n<\/div>\n<\/div>\n\t\t\t\t<\/div>\n\t\t\t<\/div>\n\n\t\t\n\t\t\t<div class=\"wcorg-organizer\">\n\t\t\t\t<h2>Eddy Boels<\/h2>\n\t\t\t\t<div class=\"wcorg-organizer-description\">\n\t\t\t\t\t\t\t\t\t\t<img alt='' src='https:\/\/secure.gravatar.com\/avatar\/?s=100&#038;d=mm&#038;r=g' srcset='https:\/\/secure.gravatar.com\/avatar\/?s=200&#038;d=mm&#038;r=g 2x' class='avatar avatar-100 photo avatar-default' height='100' width='100' \/>\t\t\t\t\t<p>Eddy est n\u00e9 en m\u00eame temps que le premier micro-ordinateur. Il a eu des phares jaunes et des si\u00e8ges en jean, a \u00e9cout\u00e9 des faces A et des faces B, a fait de la science nat&rsquo; et de l&rsquo;E.M.T, a pass\u00e9 un bac qu&rsquo;existe plus, a bu du Malibu. Il a eu un minitel, des maxi 45 et un 90 au cul. Aujourd\u2019hui, quand il ne joue pas au volley, il g\u00e8re, avec mon bin\u00f4me Sylvain, la soci\u00e9t\u00e9\u00a0<a href=\"https:\/\/www.e-labo.biz\/\">e-labo<\/a>\u00a0et il organise des meetups et des WordCamps dans le sud-est de la France.<\/p>\n\t\t\t\t<\/div>\n\t\t\t<\/div>\n\n\t\t\n\t\t\t<div class=\"wcorg-organizer\">\n\t\t\t\t<h2>Jeremy Marchandeau<\/h2>\n\t\t\t\t<div class=\"wcorg-organizer-description\">\n\t\t\t\t\t\t\t\t\t\t<img alt='' src='https:\/\/secure.gravatar.com\/avatar\/1ccfeb1513ed59de2cfb5adced670b786eeafd77665a2489af7a4460daef568a?s=100&#038;d=mm&#038;r=g' srcset='https:\/\/secure.gravatar.com\/avatar\/1ccfeb1513ed59de2cfb5adced670b786eeafd77665a2489af7a4460daef568a?s=200&#038;d=mm&#038;r=g 2x' class='avatar avatar-100 photo' height='100' width='100' \/>\t\t\t\t\t<p><a href=\"http:\/\/jeremymarchandeau.com\/\">Jeremy Marchandeau<\/a> est un d\u00e9veloppeur web ni\u00e7ois, qui a co-fond\u00e9 avec sa femme une agence sp\u00e9cialis\u00e9e dans le d\u00e9veloppement frontend et la cr\u00e9ation de th\u00e8mes WordPress sur mesure : <a href=\"https:\/\/tigerandjune.com\/fr\/\">Tiger &amp; June<\/a>.<\/p>\n<p>Il fait \u00e9galement partie de l&rsquo;\u00e9quipe de Modern Tribe, la soci\u00e9t\u00e9 qui se cache derri\u00e8re le plugin WordPress <a href=\"https:\/\/theeventscalendar.com\/product\/wordpress-events-calendar\/\">The Events Calendar<\/a>.<\/p>\n<p>Attir\u00e9 depuis son plus jeune \u00e2ge par les voyages, il ne peut pas envisager de prendre des vacances sans monter \u00e0 bord d&rsquo;un avion pour d\u00e9couvrir de nouvelles cultures, go\u00fbter de nouvelles saveurs, explorer de nouveaux sons.<\/p>\n<p>Sa deuxi\u00e8me passion est le sport, en particulier le rugby, le basket, le football am\u00e9ricain et le C\u1eedu-Long V\u00f5-\u0110\u1ea1o, un art martial vietnamien qu&rsquo;il pratique depuis peu.<\/p>\n\t\t\t\t<\/div>\n\t\t\t<\/div>\n\n\t\t\n\t\t\t<div class=\"wcorg-organizer\">\n\t\t\t\t<h2>Cl\u00e9ment Polito<\/h2>\n\t\t\t\t<div class=\"wcorg-organizer-description\">\n\t\t\t\t\t\t\t\t\t\t<img alt='' src='https:\/\/secure.gravatar.com\/avatar\/d9c3c74e8109a8ffacdc258cac9e8ceb8abc0ad94c1fbc3caf72f5a2b34f4b8c?s=100&#038;d=mm&#038;r=g' srcset='https:\/\/secure.gravatar.com\/avatar\/d9c3c74e8109a8ffacdc258cac9e8ceb8abc0ad94c1fbc3caf72f5a2b34f4b8c?s=200&#038;d=mm&#038;r=g 2x' class='avatar avatar-100 photo' height='100' width='100' \/>\t\t\t\t\t<p class=\"p1\"><a href=\"https:\/\/www.clementpolito.com\/\">Cl\u00e9ment Polito<\/a> ouvre son premier blog sur Over-Blog alors que tous ses amis d\u00e9marrent le leur sur Skyblog. Auditeur du Mouv\u2019 et de son esprit rock, il ne peut d\u00e9cemment pas aller chez la concurrence. Il d\u00e9couvre alors ses premi\u00e8res balises HTML et les feuilles de styles. Polito a 16 ans.<\/p>\n<p class=\"p1\">En m\u00eame temps que ses \u00e9tudes dans l\u2019am\u00e9nagement du paysage qu&rsquo;il suit, il g\u00e8re jours et nuits ses flottes de vaisseaux, et attaque les plan\u00e8tes ennemies sur Ogame, avec son alliance \u00ab\u00a0TNTB : Tout Nu Tout Bronz\u00e9\u00a0\u00bb qui voue un culte \u00e0 Carlos.<\/p>\n<p class=\"p1\">Puis il part \u00e0 l\u2019assaut de l\u2019incroyable monde universitaire. Il s\u2019implique, monte en XP, aide les newbies, ressort de la facult\u00e9 avec une licence en Sciences de l\u2019Information et de la Communication, et pas mal d\u2019amis dans le corps \u00e9tudiant. Il faut dire qu\u2019il \u00e9tait responsable de leurs emplois du temps. C\u2019est lui qui pouvait les inscrire dans le cours de C2I du lundi soir 19h00-21h00, alors qu\u2019\u00ab\u00a0il n\u2019y a plus de bus pour rentrer chez moi \u00e0 cette heure l\u00e0, Monsieur\u00a0\u00bb.<\/p>\n<p class=\"p1\">Polito se retrouve ensuite \u00e0 l\u2019<a href=\"http:\/\/efreitech.fr\/\">EfreiTech<\/a>, l\u2019acad\u00e9mie du num\u00e9rique &#8211; eh ouai\u00a0! &#8211; en r\u00e9gion parisienne. Il y apprend l\u00e0 ainsi qu&rsquo;\u00e0\u00a0<a href=\"https:\/\/www.lacompany.com\/\">Lacompany<\/a>\u00a0la gestion de projet web \u2764\ud83d\udc95.<\/p>\n<p class=\"p1\">Puis Polito redescend sur la C\u00f4te d\u2019Azur.<\/p>\n<p class=\"p1\">\u00c7a fait maintenant 3 ans qu\u2019il y est freelance, qu\u2019il cr\u00e9e des sites WordPress pour ses clients et pour des agences.<\/p>\n<p class=\"p1\">D\u00e8s qu\u2019il a 10 minutes, il traduit des chaines dans le noyau WP et dans des extensions. Il faudrait d\u2019ailleurs qu\u2019il se motive avec S\u00e9bastien pour finir celle de The Events Calendar.<\/p>\n<p class=\"p1\">Quand il a plus de temps, il organise avec Val\u00e9rie le meetup WordPress Nice.<\/p>\n<p class=\"p1\">Ou bien il co-organise le WordCamp, comme \u00e0 Marseille en 2017.<\/p>\n<p class=\"p1\">Ou bien il va faire quelques sauts \u00e0 l\u2019a\u00e9rodrome de Gap.<\/p>\n\t\t\t\t<\/div>\n\t\t\t<\/div>\n\n\t\t\n\t\t\t<div class=\"wcorg-organizer\">\n\t\t\t\t<h2>Long Hai<\/h2>\n\t\t\t\t<div class=\"wcorg-organizer-description\">\n\t\t\t\t\t\t\t\t\t\t<img alt='' src='https:\/\/secure.gravatar.com\/avatar\/b0f3f3111d9c877a4478cffeaeb856a0182768cc0b9b60571b61484a649f00b6?s=100&#038;d=mm&#038;r=g' srcset='https:\/\/secure.gravatar.com\/avatar\/b0f3f3111d9c877a4478cffeaeb856a0182768cc0b9b60571b61484a649f00b6?s=200&#038;d=mm&#038;r=g 2x' class='avatar avatar-100 photo' height='100' width='100' \/>\t\t\t\t\t<p>D\u00e8s les ann\u00e9es 80, Long Hai a attrap\u00e9 le virus de l&rsquo;informatique. C&rsquo;est sur un amstrad-cpc-464 qu&rsquo;il commence \u00e0 \u00e9crire des programmes en Basic. Vers la fin du 20\u00e8 si\u00e8cle (et avec quelques langages de plus) il devient dipl\u00f4m\u00e9 ing\u00e9nieur logiciel de l&rsquo;Ensimag (et aussi d&rsquo;un Dea imagerie vision robotique&#8230; pour fabriquer des robots intelligents dans un futur proche&#8230;)<\/p>\n<p>Il y a 20 ans, il travaillait comme d\u00e9veloppeur sur des syst\u00e8mes d&rsquo;information critiques, qui s&rsquo;appuient sur les technologies web.<\/p>\n<p>Il y a 10 ans, il devient freelance dans le domaine du web et choisit <a href=\"https:\/\/wpfr.net\/support\/utilisateurs\/lh\/\">WordPress comme CMS<\/a> pour cr\u00e9er des sites internet.<\/p>\n<p>Depuis 5 ans, Long Hai forme des d\u00e9veloppeurs web dans la <a href=\"https:\/\/www.grandeecolenumerique.fr\/\">Grande Ecole du Num\u00e9rique<\/a>. Et il participe aussi \u00e0 l&rsquo;organisation de <a href=\"https:\/\/www.meetup.com\/fr-FR\/wordpress-in-nice\/\">meetup<\/a> et de <a href=\"https:\/\/www.meetup.com\/fr-FR\/Marseille-WordPress-Meetup\/\">wordcamp<\/a>.<\/p>\n<p>Dans le monde r\u00e9el, il aime voyager pour d\u00e9couvrir de nouvelles cultures. Et aussi rencontrer des citoyens curieux et ouverts, toujours pour partager de bons moments.<\/p>\n<p>&nbsp;<\/p>\n\t\t\t\t<\/div>\n\t\t\t<\/div>\n\n\t\t\n\t\t\t<div class=\"wcorg-organizer\">\n\t\t\t\t<h2>Thomas Villain<\/h2>\n\t\t\t\t<div class=\"wcorg-organizer-description\">\n\t\t\t\t\t\t\t\t\t\t<img alt='' src='https:\/\/secure.gravatar.com\/avatar\/a28ecc9068b0a8552cb64f7588ad5260de8c3f53cce3d17ff0630c769c06d919?s=100&#038;d=mm&#038;r=g' srcset='https:\/\/secure.gravatar.com\/avatar\/a28ecc9068b0a8552cb64f7588ad5260de8c3f53cce3d17ff0630c769c06d919?s=200&#038;d=mm&#038;r=g 2x' class='avatar avatar-100 photo' height='100' width='100' \/>\t\t\t\t\t<p>Il d\u00e9couvre le Web \u00e0 la fin de ses \u00e9tudes d\u2019arts graphiques \u00e0 l\u2019Esag\/Penninghen \u00e0 Paris (1998-2001). Apr\u00e8s 3 ann\u00e9es de travail en agence (print), il s\u2019inscrit \u00e0 la maison des artistes et \u00ab migre \u00bb progessivement vers le \u00ab freelancing \u00bb. Adepte, comme beaucoup de graphistes, de Flash et de Dreamweaver, il r\u00e9alise de nombreux sites faisant parfois appel \u00e0 des d\u00e9veloppeurs pour l\u2019int\u00e9gration et le back office. Rapidement il apprend HTML\/CSS pour devenir autonome en web design front.<\/p>\n<p>Il d\u00e9couvre WordPress tr\u00e8s t\u00f4t (en 2004) mais ce n\u2019est qu\u2019en 2010 qu\u2019il cr\u00e9e son premier site WordPress et d\u00e9cide de se sp\u00e9cialiser dans la <a href=\"https:\/\/anybodesign.com\" rel=\"nofollow\">cr\u00e9ation de th\u00e8mes WordPress sur mesure.<\/a> Cette activit\u00e9 l\u2019occupe aujourd&rsquo;hui majoritairement, m\u00eame s\u2019il fait toujours de la cr\u00e9ation graphique en mati\u00e8re d\u2019identit\u00e9 visuelle et d\u2019\u00e9dition de documents.<\/p>\n<p>Membre actif de l\u2019association <a href=\"https:\/\/wpparis.fr\">WP Paris,<\/a> il contribue \u00e0 WordPress en traduisant des plugins et en intervenant lors des WordCamps.<\/p>\n\t\t\t\t<\/div>\n\t\t\t<\/div>\n\n\t\t\n\t<\/div><!-- .wcorg-organizers -->\n\t\n","protected":false},"excerpt":{"rendered":"","protected":false},"author":14055720,"featured_media":0,"parent":0,"menu_order":0,"comment_status":"closed","ping_status":"closed","template":"","meta":{"jetpack_post_was_ever_published":false,"footnotes":""},"class_list":["post-12","page","type-page","status-publish","hentry"],"jetpack_sharing_enabled":true,"jetpack_shortlink":"https:\/\/wp.me\/P9NyRC-c","_links":{"self":[{"href":"https:\/\/nice.wordcamp.org\/2018\/wp-json\/wp\/v2\/pages\/12","targetHints":{"allow":["GET"]}}],"collection":[{"href":"https:\/\/nice.wordcamp.org\/2018\/wp-json\/wp\/v2\/pages"}],"about":[{"href":"https:\/\/nice.wordcamp.org\/2018\/wp-json\/wp\/v2\/types\/page"}],"author":[{"embeddable":true,"href":"https:\/\/nice.wordcamp.org\/2018\/wp-json\/wp\/v2\/users\/14055720"}],"replies":[{"embeddable":true,"href":"https:\/\/nice.wordcamp.org\/2018\/wp-json\/wp\/v2\/comments?post=12"}],"version-history":[{"count":3,"href":"https:\/\/nice.wordcamp.org\/2018\/wp-json\/wp\/v2\/pages\/12\/revisions"}],"predecessor-version":[{"id":305,"href":"https:\/\/nice.wordcamp.org\/2018\/wp-json\/wp\/v2\/pages\/12\/revisions\/305"}],"wp:attachment":[{"href":"https:\/\/nice.wordcamp.org\/2018\/wp-json\/wp\/v2\/media?parent=12"}],"curies":[{"name":"wp","href":"https:\/\/api.w.org\/{rel}","templated":true}]}}