{"id":13,"date":"2018-03-29T10:19:45","date_gmt":"2018-03-29T08:19:45","guid":{"rendered":"https:\/\/2018.nice.wordcamp.org\/?page_id=13"},"modified":"2018-10-19T06:23:33","modified_gmt":"2018-10-19T04:23:33","slug":"tickets","status":"publish","type":"page","link":"https:\/\/nice.wordcamp.org\/2018\/tickets\/","title":{"rendered":"Billetterie"},"content":{"rendered":"<p>La billetterie du premier WordCamp Nice est en ligne !<br \/>\nR\u00e9servez votre billet pour la journ\u00e9e du VENDREDI 19 OCTOBRE 2018.<\/p>\n<p>La Billetterie est ferm\u00e9e !<\/p>\n<p><a href=\"https:\/\/2018.nice.wordcamp.org\/?page_id=14&amp;preview=true\">Ils ont d\u00e9j\u00e0 leur billet<\/a> !!!<\/p>\n<h2>Informations pratiques :<\/h2>\n<ul>\n<li>D\u00e9couvrir le <a href=\"https:\/\/2018.nice.wordcamp.org\/2018\/06\/15\/cest-lisem-qui-accueillera-le-premier-nice-wordcamp\/\">lieu de l&rsquo;\u00e9v\u00e8nement<\/a><\/li>\n<li>Lisez notre <a href=\"https:\/\/2018.nice.wordcamp.org\/charte-des-wordcamps\/\">charte<\/a><\/li>\n<\/ul>\n<h2>Informations compl\u00e9mentaires<\/h2>\n<ul>\n<li><strong>Aucun billet ne vous sera envoy\u00e9<\/strong>, nous enregistrons votre inscription informatiquement.<\/li>\n<li>Veuillez noter que le paiement s&rsquo;effectue via PayPal ou via Stripe et qu\u2019aucun remboursement n\u2019est possible.<\/li>\n<li>Si vous avez achet\u00e9 un ticket et que vous avez un emp\u00eachement, n&rsquo;h\u00e9sitez pas \u00e0 en faire profiter un ami ou une personne de la communaut\u00e9, ce serait dommage !<\/li>\n<li>Toute personne d\u2019\u00e2ge mineur doit \u00eatre accompagn\u00e9e d\u2019un parent.<\/li>\n<li>Le billet comprend la journ\u00e9e de l\u2019\u00e9v\u00e9nement, les pauses caf\u00e9, un snack-d\u00e9jeuner et une invitation \u00e0 l&rsquo;after.<\/li>\n<li>Afin de promouvoir la communaut\u00e9 WordPress, des photographes et des vid\u00e9astes b\u00e9n\u00e9voles et\/ou professionnels seront pr\u00e9sents lors de l&rsquo;\u00e9v\u00e9nement WordCamp. En assistant \u00e0 l&rsquo;\u00e9v\u00e9nement, vous consentez \u00e0 ce que votre image soit utilis\u00e9e sur les photos ou dans les vid\u00e9os qui peuvent vous montrer participant au WordCamp.<\/li>\n<\/ul>\n<h2>Encore merci !<\/h2>\n<p>UN GRAND MERCI \u00e0 nos incroyables <a href=\"https:\/\/2018.nice.wordcamp.org\/sponsors\/\">sponsors<\/a> qui nous soutiennent pour mener \u00e0 bien ce premier WordCamp Nice. Leur g\u00e9n\u00e9rosit\u00e9 vous permet d&rsquo;obtenir un ticket \u00e0 un tarif abordable, profitez-en !<\/p>\n","protected":false},"excerpt":{"rendered":"<p>La billetterie du premier WordCamp Nice est en ligne ! R\u00e9servez votre billet pour la journ\u00e9e du VENDREDI 19 OCTOBRE 2018. La Billetterie est ferm\u00e9e ! Ils ont d\u00e9j\u00e0 leur billet !!! Informations pratiques : D\u00e9couvrir le lieu de l&rsquo;\u00e9v\u00e8nement Lisez notre charte Informations compl\u00e9mentaires Aucun billet ne vous sera envoy\u00e9, nous enregistrons votre inscription &hellip; <\/p>\n<p class=\"link-more\"><a href=\"https:\/\/nice.wordcamp.org\/2018\/tickets\/\" class=\"more-link\">Continuer la lecture<span class=\"screen-reader-text\"> de &laquo;&nbsp;Billetterie&nbsp;&raquo;<\/span><\/a><\/p>\n","protected":false},"author":14055720,"featured_media":677,"parent":0,"menu_order":0,"comment_status":"closed","ping_status":"closed","template":"","meta":{"jetpack_post_was_ever_published":false,"footnotes":""},"class_list":["post-13","page","type-page","status-publish","has-post-thumbnail","hentry"],"jetpack_sharing_enabled":true,"jetpack_shortlink":"https:\/\/wp.me\/P9NyRC-d","_links":{"self":[{"href":"https:\/\/nice.wordcamp.org\/2018\/wp-json\/wp\/v2\/pages\/13","targetHints":{"allow":["GET"]}}],"collection":[{"href":"https:\/\/nice.wordcamp.org\/2018\/wp-json\/wp\/v2\/pages"}],"about":[{"href":"https:\/\/nice.wordcamp.org\/2018\/wp-json\/wp\/v2\/types\/page"}],"author":[{"embeddable":true,"href":"https:\/\/nice.wordcamp.org\/2018\/wp-json\/wp\/v2\/users\/14055720"}],"replies":[{"embeddable":true,"href":"https:\/\/nice.wordcamp.org\/2018\/wp-json\/wp\/v2\/comments?post=13"}],"version-history":[{"count":9,"href":"https:\/\/nice.wordcamp.org\/2018\/wp-json\/wp\/v2\/pages\/13\/revisions"}],"predecessor-version":[{"id":1603,"href":"https:\/\/nice.wordcamp.org\/2018\/wp-json\/wp\/v2\/pages\/13\/revisions\/1603"}],"wp:featuredmedia":[{"embeddable":true,"href":"https:\/\/nice.wordcamp.org\/2018\/wp-json\/wp\/v2\/media\/677"}],"wp:attachment":[{"href":"https:\/\/nice.wordcamp.org\/2018\/wp-json\/wp\/v2\/media?parent=13"}],"curies":[{"name":"wp","href":"https:\/\/api.w.org\/{rel}","templated":true}]}}