{"id":215,"date":"2018-06-05T22:50:06","date_gmt":"2018-06-05T20:50:06","guid":{"rendered":"https:\/\/2018.nice.wordcamp.org\/?page_id=215"},"modified":"2018-06-05T22:50:06","modified_gmt":"2018-06-05T20:50:06","slug":"charte-des-wordcamps","status":"publish","type":"page","link":"https:\/\/nice.wordcamp.org\/2018\/charte-des-wordcamps\/","title":{"rendered":"Charte des WordCamps"},"content":{"rendered":"<p>Tous les WordCamps doivent respecter\u00a0<a href=\"https:\/\/make.wordpress.org\/community\/handbook\/wordcamp-organizer\/first-steps\/helpful-documents-and-templates\/agreement-among-wordcamp-organizers-speakers-sponsors-and-volunteers\/\">une charte<\/a>\u00a0mise en place par WordCamp Central, l\u2019organisme qui s\u2019assure qu\u2019un WordCamp suit certaines r\u00e8gles.<\/p>\n<p>Elle s\u2019applique aux organisateurs\/trices, aux volontaires, aux orateurs\/trices et aux sponsors sans discernement. Elle ne s\u2019applique pas aux auditeurs qui assistent \u00e0 l\u2019\u00e9v\u00e8nement.<\/p>\n<p>Voici notre traduction de la charte originale :<\/p>\n<p>Accord entre les organisateurs, orateurs, sponsors et volontaires du WordCamp.<\/p>\n<ul>\n<li>Je reconnais que les WordCamp sont con\u00e7us au b\u00e9n\u00e9fice de la communaut\u00e9 WordPress locale par le biais d\u2019\u00e9v\u00e8nements, et celui de la communaut\u00e9 internationale par le biais de vid\u00e9os et autres contenus diffus\u00e9s en ligne.<\/li>\n<li>Je reconnais que les WordCamps sont des \u00e9v\u00e8nements informels organis\u00e9s par des volontaires de la communaut\u00e9 locale, et qui refl\u00e8tent la communaut\u00e9 qu\u2019ils repr\u00e9sentent.<\/li>\n<li>Je reconnais que les organisateurs, orateurs, sponsors et volontaires doivent soutenir le projet WordPress et ses principes.<\/li>\n<li>Je reconnais que les principes du projet WordPress sont notamment :\n<ul>\n<li>l\u2019absence de discrimination bas\u00e9e sur le statut \u00e9conomique ou social, la couleur de peau, l\u2019origine ethnique, la nationalit\u00e9, les principes, les croyances politiques ou religieuses, la sexualit\u00e9 ou l\u2019orientation sexuelle, le statut marital, l\u2019\u00e2ge ou le handicap ;<\/li>\n<li>l\u2019absence d\u2019incitation \u00e0 la violence ou de promotion de la haine ;<\/li>\n<li>le refus des spammeurs ;<\/li>\n<li>le refus des g\u00eaneurs (\u00ab jerks \u00bb) ;<\/li>\n<li>le respect de la marque d\u00e9pos\u00e9e WordPress ;<\/li>\n<li>l\u2019acceptation de la licence de WordPress. En distribuant des cr\u00e9ations d\u00e9riv\u00e9es de WordPress (th\u00e8mes, extensions, distributions WordPress), les personnes et soci\u00e9t\u00e9s officiellement associ\u00e9es au WordCamp doivent donner \u00e0 leurs utilisateurs les m\u00eames libert\u00e9s que WordPress leur donne d\u00e9j\u00e0 : respect \u00e0 100% de la licence GPL ou d\u2019une licence compatible, comme c\u2019est le cas sur WordPress.org.<\/li>\n<li>l\u2019absence de promotion de personnes ou de soci\u00e9t\u00e9s qui distribuent des cr\u00e9ations bas\u00e9es sur WordPress qui ne sont pas \u00e0 100% compatible avec la licence GPL.<\/li>\n<\/ul>\n<\/li>\n<li>Je reconnais que les WordCamps sont des \u00e9v\u00e8nements \u00e0 but non lucratif, organis\u00e9s en toute transparence de budget et de financement.<\/li>\n<li>Je reconnais qu\u2019un WordCamp devrait \u00eatre accessible au plus grand nombre, quel que soit sa situation financi\u00e8re.<\/li>\n<li>Je reconnais que je ne suis pas un(e) employ\u00e9(e) de la WordPress Foundation, et que ma participation au WordCamp est volontaire.<\/li>\n<\/ul>\n<p>Si vous avez des craintes ou des questions au sujet de la GPL, n\u2019h\u00e9sitez pas \u00e0 nous en parler.<br \/>\nPour r\u00e9sumer, la charte indique que si vous distribuez publiquement des extensions ou des th\u00e8mes WordPress (gratuits ou payants), il faut que leur code PHP soit sous licence GPL.<\/p>\n","protected":false},"excerpt":{"rendered":"<p>Tous les WordCamps doivent respecter\u00a0une charte\u00a0mise en place par WordCamp Central, l\u2019organisme qui s\u2019assure qu\u2019un WordCamp suit certaines r\u00e8gles. Elle s\u2019applique aux organisateurs\/trices, aux volontaires, aux orateurs\/trices et aux sponsors sans discernement. Elle ne s\u2019applique pas aux auditeurs qui assistent \u00e0 l\u2019\u00e9v\u00e8nement. Voici notre traduction de la charte originale : Accord entre les organisateurs, orateurs, &hellip; <\/p>\n<p class=\"link-more\"><a href=\"https:\/\/nice.wordcamp.org\/2018\/charte-des-wordcamps\/\" class=\"more-link\">Continuer la lecture<span class=\"screen-reader-text\"> de &laquo;&nbsp;Charte des WordCamps&nbsp;&raquo;<\/span><\/a><\/p>\n","protected":false},"author":15540309,"featured_media":0,"parent":0,"menu_order":0,"comment_status":"closed","ping_status":"closed","template":"","meta":{"jetpack_post_was_ever_published":false,"footnotes":""},"class_list":["post-215","page","type-page","status-publish","hentry"],"jetpack_sharing_enabled":true,"jetpack_shortlink":"https:\/\/wp.me\/P9NyRC-3t","_links":{"self":[{"href":"https:\/\/nice.wordcamp.org\/2018\/wp-json\/wp\/v2\/pages\/215","targetHints":{"allow":["GET"]}}],"collection":[{"href":"https:\/\/nice.wordcamp.org\/2018\/wp-json\/wp\/v2\/pages"}],"about":[{"href":"https:\/\/nice.wordcamp.org\/2018\/wp-json\/wp\/v2\/types\/page"}],"author":[{"embeddable":true,"href":"https:\/\/nice.wordcamp.org\/2018\/wp-json\/wp\/v2\/users\/15540309"}],"replies":[{"embeddable":true,"href":"https:\/\/nice.wordcamp.org\/2018\/wp-json\/wp\/v2\/comments?post=215"}],"version-history":[{"count":1,"href":"https:\/\/nice.wordcamp.org\/2018\/wp-json\/wp\/v2\/pages\/215\/revisions"}],"predecessor-version":[{"id":217,"href":"https:\/\/nice.wordcamp.org\/2018\/wp-json\/wp\/v2\/pages\/215\/revisions\/217"}],"wp:attachment":[{"href":"https:\/\/nice.wordcamp.org\/2018\/wp-json\/wp\/v2\/media?parent=215"}],"curies":[{"name":"wp","href":"https:\/\/api.w.org\/{rel}","templated":true}]}}