{"id":229,"date":"2018-06-05T22:59:38","date_gmt":"2018-06-05T20:59:38","guid":{"rendered":"https:\/\/2018.nice.wordcamp.org\/?page_id=229"},"modified":"2018-10-09T14:15:14","modified_gmt":"2018-10-09T12:15:14","slug":"accueil","status":"publish","type":"page","link":"https:\/\/nice.wordcamp.org\/2018\/","title":{"rendered":"Bienvenue"},"content":{"rendered":"<h2>Save the date !<\/h2>\n<p>Nous \u00e9tions sur les starting blocks ! C&rsquo;est maintenant officiel \ud83d\ude42<\/p>\n<p>Apr\u00e8s le WordCamp Marseille 2017, l&rsquo;\u00e9quipe se r\u00e9unit \u00e0 nouveau pour organiser le prochain WordCamp du sud-est.<\/p>\n<p>L&rsquo;\u00e9dition de cette ann\u00e9e se tiendra \u00e0 <strong>Nice et se d\u00e9roulera \u00e0 <a href=\"https:\/\/2018.nice.wordcamp.org\/2018\/06\/15\/cest-lisem-qui-accueillera-le-premier-nice-wordcamp\/\">l&rsquo;ISEM.<\/a><\/strong><\/p>\n<p><strong>The Nice WordCamp<\/strong> aura lieu le <strong>19 octobre 2018<\/strong> !<\/p>\n<p>L&rsquo;\u00e9v\u00e9nement accueillera 280 personnes. Nous vous attendons donc nombreux.<\/p>\n<p>Restez en contact avec nous :<\/p>\n<ul>\n<li>Abonnez-vous aux news du site (le formulaire se trouve dans le footer du site)<\/li>\n<li>Suivez-nous sur Twitter : <a href=\"https:\/\/twitter.com\/WordCampNice\">@WordCampNice<\/a><\/li>\n<li>Ou sur <a href=\"https:\/\/www.facebook.com\/The-Nice-WordCamp-234121210513841\/?modal=admin_todo_tour\">Facebook\u00a0<\/a><\/li>\n<\/ul>\n<h2>Mais qu&rsquo;est-ce qu&rsquo;un WordCamp ?<\/h2>\n<p>Si vous ne savez pas ce qu&rsquo;est un WordCamp, je vous invite <a href=\"https:\/\/la-webeuse.com\/wordcamp\/\">\u00e0 lire l&rsquo;article<\/a> que notre Lycia a \u00e9crit \u00e0 ce sujet !<\/p>\n<p>Les infos pour l&rsquo;<strong>After<\/strong>, c&rsquo;est par ici : <strong><a href=\"https:\/\/2018.nice.wordcamp.org\/2018\/10\/09\/after-party-o2switch\/\">rendez-vous d\u00e8s 19h30 au C&rsquo;Factory<\/a><\/strong><\/p>\n","protected":false},"excerpt":{"rendered":"<p>Save the date ! Nous \u00e9tions sur les starting blocks ! C&rsquo;est maintenant officiel \ud83d\ude42 Apr\u00e8s le WordCamp Marseille 2017, l&rsquo;\u00e9quipe se r\u00e9unit \u00e0 nouveau pour organiser le prochain WordCamp du sud-est. L&rsquo;\u00e9dition de cette ann\u00e9e se tiendra \u00e0 Nice et se d\u00e9roulera \u00e0 l&rsquo;ISEM. The Nice WordCamp aura lieu le 19 octobre 2018 ! &hellip; <\/p>\n<p class=\"link-more\"><a href=\"https:\/\/nice.wordcamp.org\/2018\/\" class=\"more-link\">Continuer la lecture<span class=\"screen-reader-text\"> de &laquo;&nbsp;Bienvenue&nbsp;&raquo;<\/span><\/a><\/p>\n","protected":false},"author":14635279,"featured_media":0,"parent":0,"menu_order":0,"comment_status":"closed","ping_status":"closed","template":"","meta":{"jetpack_post_was_ever_published":false,"footnotes":""},"class_list":["post-229","page","type-page","status-publish","hentry"],"jetpack_sharing_enabled":true,"jetpack_shortlink":"https:\/\/wp.me\/P9NyRC-3H","_links":{"self":[{"href":"https:\/\/nice.wordcamp.org\/2018\/wp-json\/wp\/v2\/pages\/229","targetHints":{"allow":["GET"]}}],"collection":[{"href":"https:\/\/nice.wordcamp.org\/2018\/wp-json\/wp\/v2\/pages"}],"about":[{"href":"https:\/\/nice.wordcamp.org\/2018\/wp-json\/wp\/v2\/types\/page"}],"author":[{"embeddable":true,"href":"https:\/\/nice.wordcamp.org\/2018\/wp-json\/wp\/v2\/users\/14635279"}],"replies":[{"embeddable":true,"href":"https:\/\/nice.wordcamp.org\/2018\/wp-json\/wp\/v2\/comments?post=229"}],"version-history":[{"count":10,"href":"https:\/\/nice.wordcamp.org\/2018\/wp-json\/wp\/v2\/pages\/229\/revisions"}],"predecessor-version":[{"id":1525,"href":"https:\/\/nice.wordcamp.org\/2018\/wp-json\/wp\/v2\/pages\/229\/revisions\/1525"}],"wp:attachment":[{"href":"https:\/\/nice.wordcamp.org\/2018\/wp-json\/wp\/v2\/media?parent=229"}],"curies":[{"name":"wp","href":"https:\/\/api.w.org\/{rel}","templated":true}]}}