{"id":13,"date":"2025-10-28T10:14:55","date_gmt":"2025-10-28T09:14:55","guid":{"rendered":"https:\/\/nice.wordcamp.org\/2026\/?page_id=13"},"modified":"2026-03-04T09:24:37","modified_gmt":"2026-03-04T08:24:37","slug":"billetterie","status":"publish","type":"page","link":"https:\/\/nice.wordcamp.org\/2026\/billetterie\/","title":{"rendered":"Billetterie"},"content":{"rendered":"\n<main class=\"wp-block-group has-global-padding is-content-justification-center is-layout-constrained wp-block-group-is-layout-constrained\" style=\"margin-top:128px\">\n<div class=\"wp-block-group is-layout-flow wp-block-group-is-layout-flow\">\n<figure class=\"wp-block-image size-full is-resized bg-titles\"><img loading=\"lazy\" decoding=\"async\" width=\"800\" height=\"525\" src=\"https:\/\/nice.wordcamp.org\/2026\/files\/2025\/10\/bg-objets.png\" alt=\"\" class=\"wp-image-347\" style=\"width:430px\" srcset=\"https:\/\/nice.wordcamp.org\/2026\/files\/2025\/10\/bg-objets.png 800w, https:\/\/nice.wordcamp.org\/2026\/files\/2025\/10\/bg-objets-300x197.png 300w, https:\/\/nice.wordcamp.org\/2026\/files\/2025\/10\/bg-objets-768x504.png 768w, https:\/\/nice.wordcamp.org\/2026\/files\/2025\/10\/bg-objets-457x300.png 457w\" sizes=\"auto, (max-width: 800px) 100vw, 800px\" \/><\/figure>\n\n\n\n<div class=\"wp-block-group is-content-justification-center is-nowrap is-layout-flex wp-container-core-group-is-layout-23441af8 wp-block-group-is-layout-flex\">\n<p class=\"is-style-text-subtitle mx-auto wp-container-content-72558541 is-style-text-subtitle--1\">Rejoignez l&rsquo;\u00e9v\u00e9nement<\/p>\n<\/div>\n\n\n\n<h1 class=\"wp-block-heading has-text-align-center\" style=\"line-height:.5\">Billetterie<\/h1>\n<\/div>\n\n\n\n<div class=\"wp-block-group is-layout-flow wp-block-group-is-layout-flow\" style=\"margin-top:112px\">\n<p class=\"is-style-text-subtitle is-style-text-subtitle--2\">C&rsquo;est termin\u00e9 ! Il ne reste plus de billets \ud83d\ude45<\/p>\n\n\n\n<p>Merci \u00e0 tous les inscrits, tous les billets ont \u00e9t\u00e9 vendus. La billetterie est donc ferm\u00e9e.<\/p>\n\n\n<a href=\"https:\/\/nice.wordcamp.org\/2026\/billetterie\/\">Veuillez consulter cette page dans un navigateur pour acheter ou g\u00e9rer vos billets.<\/a>\n\n\n\n<div class=\"wp-block-group has-border-color has-accent-4-border-color has-custom-lightest-background-color has-background has-global-padding is-layout-constrained wp-block-group-is-layout-constrained\" style=\"border-width:1px;border-top-left-radius:40px;border-top-right-radius:40px;border-bottom-left-radius:40px;border-bottom-right-radius:40px;margin-top:112px\">\n<p class=\"has-text-align-center has-custom-gray-color has-text-color has-link-color wp-elements-e8739d5628b2acd193363ffe9fd3bd2b\" style=\"margin-top:56px;font-size:clamp(14px, 0.875rem + ((1vw - 3.2px) * 0.403), 18px);\">Ils nous soutiennent<\/p>\n\n\n\n<div class=\"wp-block-group is-content-justification-center is-nowrap is-layout-flex wp-container-core-group-is-layout-b35f32a3 wp-block-group-is-layout-flex\">\n<div class=\"wp-block-group recule has-custom-midblu-background-color has-background wp-container-content-9cfa9a5a is-layout-flow wp-block-group-is-layout-flow\" style=\"padding-top:80px;padding-bottom:80px\"><\/div>\n\n\n\n<div class=\"wp-block-group avance has-border-color has-custom-lightest-background-color has-background is-layout-flow wp-block-group-is-layout-flow\" style=\"border-color:#d6d6d6;border-width:1px;border-top-left-radius:24px;border-top-right-radius:24px;border-bottom-left-radius:24px;border-bottom-right-radius:24px;padding-top:100px;padding-right:5%;padding-bottom:100px;padding-left:5%;box-shadow:var(--wp--preset--shadow--deep)\">\n<figure class=\"wp-block-image size-full is-resized\"><a href=\"https:\/\/nice.wordcamp.org\/2026\/sponsor\/o2switch\/\"><img loading=\"lazy\" decoding=\"async\" width=\"544\" height=\"123\" src=\"https:\/\/nice.wordcamp.org\/2026\/files\/2025\/10\/o2switch-logo.png\" alt=\"o2switch\" class=\"wp-image-705\" style=\"width:270px\" srcset=\"https:\/\/nice.wordcamp.org\/2026\/files\/2025\/10\/o2switch-logo.png 544w, https:\/\/nice.wordcamp.org\/2026\/files\/2025\/10\/o2switch-logo-300x68.png 300w, https:\/\/nice.wordcamp.org\/2026\/files\/2025\/10\/o2switch-logo-500x113.png 500w\" sizes=\"auto, (max-width: 544px) 100vw, 544px\" \/><\/a><\/figure>\n<\/div>\n\n\n\n<div class=\"wp-block-group recule has-custom-midblu-background-color has-background wp-container-content-9cfa9a5a is-layout-flow wp-block-group-is-layout-flow\" style=\"padding-top:80px;padding-bottom:80px\"><\/div>\n<\/div>\n\n\n\n<div class=\"wp-block-group has-global-padding is-layout-constrained wp-container-core-group-is-layout-4ec209ef wp-block-group-is-layout-constrained\" style=\"padding-top:56px;padding-right:56px;padding-bottom:56px;padding-left:56px\">\n<div class=\"wp-block-query sponsors_or is-layout-flow wp-block-query-is-layout-flow\"><ul class=\"wp-block-post-template is-layout-flow wp-block-post-template-is-layout-flow\"><li class=\"wp-block-post post-1723 wcb_sponsor type-wcb_sponsor status-publish has-post-thumbnail hentry wcb_sponsor_level-gold\">\n<figure class=\"wp-block-post-featured-image\"><a href=\"https:\/\/nice.wordcamp.org\/2026\/sponsor\/atoo-next\/\" target=\"_self\"  ><img loading=\"lazy\" decoding=\"async\" width=\"450\" height=\"108\" src=\"https:\/\/nice.wordcamp.org\/2026\/files\/2025\/11\/logo-atoo-next.webp\" class=\"attachment-post-thumbnail size-post-thumbnail wp-post-image\" alt=\"Atoo Next\" style=\"object-fit:cover;\" srcset=\"https:\/\/nice.wordcamp.org\/2026\/files\/2025\/11\/logo-atoo-next.webp 450w, https:\/\/nice.wordcamp.org\/2026\/files\/2025\/11\/logo-atoo-next-300x72.webp 300w\" sizes=\"auto, (max-width: 450px) 100vw, 450px\" \/><\/a><\/figure>\n<\/li><li class=\"wp-block-post post-27 wcb_sponsor type-wcb_sponsor status-publish has-post-thumbnail hentry wcb_sponsor_level-global\">\n<figure class=\"wp-block-post-featured-image\"><a href=\"https:\/\/nice.wordcamp.org\/2026\/sponsor\/bluehost\/\" target=\"_self\"  ><img loading=\"lazy\" decoding=\"async\" width=\"429\" height=\"75\" src=\"https:\/\/nice.wordcamp.org\/2026\/files\/2025\/07\/bluehost.png\" class=\"attachment-post-thumbnail size-post-thumbnail wp-post-image\" alt=\"Bluehost\" style=\"object-fit:cover;\" srcset=\"https:\/\/nice.wordcamp.org\/2026\/files\/2025\/07\/bluehost.png 429w, https:\/\/nice.wordcamp.org\/2026\/files\/2025\/07\/bluehost-300x52.png 300w\" sizes=\"auto, (max-width: 429px) 100vw, 429px\" \/><\/a><\/figure>\n<\/li><li class=\"wp-block-post post-23 wcb_sponsor type-wcb_sponsor status-publish has-post-thumbnail hentry wcb_sponsor_level-global\">\n<figure class=\"wp-block-post-featured-image\"><a href=\"https:\/\/nice.wordcamp.org\/2026\/sponsor\/hosting-com\/\" target=\"_self\"  ><img loading=\"lazy\" decoding=\"async\" width=\"519\" height=\"87\" src=\"https:\/\/nice.wordcamp.org\/2026\/files\/2025\/07\/hosting.png\" class=\"attachment-post-thumbnail size-post-thumbnail wp-post-image\" alt=\"hosting.com\" style=\"object-fit:cover;\" srcset=\"https:\/\/nice.wordcamp.org\/2026\/files\/2025\/07\/hosting.png 519w, https:\/\/nice.wordcamp.org\/2026\/files\/2025\/07\/hosting-300x50.png 300w, https:\/\/nice.wordcamp.org\/2026\/files\/2025\/07\/hosting-500x84.png 500w\" sizes=\"auto, (max-width: 519px) 100vw, 519px\" \/><\/a><\/figure>\n<\/li><li class=\"wp-block-post post-25 wcb_sponsor type-wcb_sponsor status-publish has-post-thumbnail hentry wcb_sponsor_level-global\">\n<figure class=\"wp-block-post-featured-image\"><a href=\"https:\/\/nice.wordcamp.org\/2026\/sponsor\/automattic\/\" target=\"_self\"  ><img loading=\"lazy\" decoding=\"async\" width=\"450\" height=\"122\" src=\"https:\/\/nice.wordcamp.org\/2026\/files\/2025\/07\/jetpack-logo.webp\" class=\"attachment-post-thumbnail size-post-thumbnail wp-post-image\" alt=\"Jeptack\" style=\"object-fit:cover;\" srcset=\"https:\/\/nice.wordcamp.org\/2026\/files\/2025\/07\/jetpack-logo.webp 450w, https:\/\/nice.wordcamp.org\/2026\/files\/2025\/07\/jetpack-logo-300x81.webp 300w\" sizes=\"auto, (max-width: 450px) 100vw, 450px\" \/><\/a><\/figure>\n<\/li><li class=\"wp-block-post post-21 wcb_sponsor type-wcb_sponsor status-publish has-post-thumbnail hentry wcb_sponsor_level-global\">\n<figure class=\"wp-block-post-featured-image\"><a href=\"https:\/\/nice.wordcamp.org\/2026\/sponsor\/kinsta\/\" target=\"_self\"  ><img loading=\"lazy\" decoding=\"async\" width=\"188\" height=\"48\" src=\"https:\/\/nice.wordcamp.org\/2026\/files\/2025\/07\/kinsta.png\" class=\"attachment-post-thumbnail size-post-thumbnail wp-post-image\" alt=\"Kinsta\" style=\"object-fit:cover;\" \/><\/a><\/figure>\n<\/li><li class=\"wp-block-post post-29 wcb_sponsor type-wcb_sponsor status-publish has-post-thumbnail hentry wcb_sponsor_level-global\">\n<figure class=\"wp-block-post-featured-image\"><a href=\"https:\/\/nice.wordcamp.org\/2026\/sponsor\/woo\/\" target=\"_self\"  ><img loading=\"lazy\" decoding=\"async\" width=\"450\" height=\"147\" src=\"https:\/\/nice.wordcamp.org\/2026\/files\/2025\/07\/logo-woo.webp\" class=\"attachment-post-thumbnail size-post-thumbnail wp-post-image\" alt=\"Woo\" style=\"object-fit:cover;\" srcset=\"https:\/\/nice.wordcamp.org\/2026\/files\/2025\/07\/logo-woo.webp 450w, https:\/\/nice.wordcamp.org\/2026\/files\/2025\/07\/logo-woo-300x98.webp 300w\" sizes=\"auto, (max-width: 450px) 100vw, 450px\" \/><\/a><\/figure>\n<\/li><\/ul><\/div>\n<\/div>\n<\/div>\n<\/div>\n<\/main>\n","protected":false},"excerpt":{"rendered":"<p>Rejoignez l&rsquo;\u00e9v\u00e9nement Billetterie C&rsquo;est termin\u00e9 ! Il ne reste plus de billets \ud83d\ude45 Merci \u00e0 tous les inscrits, tous les billets ont \u00e9t\u00e9 vendus. La billetterie est donc ferm\u00e9e. Ils nous soutiennent<\/p>\n","protected":false},"author":14055720,"featured_media":0,"parent":0,"menu_order":0,"comment_status":"closed","ping_status":"closed","template":"titre-dans-header","meta":{"jetpack_post_was_ever_published":false,"footnotes":""},"class_list":["post-13","page","type-page","status-publish","hentry"],"jetpack_sharing_enabled":true,"_links":{"self":[{"href":"https:\/\/nice.wordcamp.org\/2026\/wp-json\/wp\/v2\/pages\/13","targetHints":{"allow":["GET"]}}],"collection":[{"href":"https:\/\/nice.wordcamp.org\/2026\/wp-json\/wp\/v2\/pages"}],"about":[{"href":"https:\/\/nice.wordcamp.org\/2026\/wp-json\/wp\/v2\/types\/page"}],"author":[{"embeddable":true,"href":"https:\/\/nice.wordcamp.org\/2026\/wp-json\/wp\/v2\/users\/14055720"}],"replies":[{"embeddable":true,"href":"https:\/\/nice.wordcamp.org\/2026\/wp-json\/wp\/v2\/comments?post=13"}],"version-history":[{"count":15,"href":"https:\/\/nice.wordcamp.org\/2026\/wp-json\/wp\/v2\/pages\/13\/revisions"}],"predecessor-version":[{"id":3143,"href":"https:\/\/nice.wordcamp.org\/2026\/wp-json\/wp\/v2\/pages\/13\/revisions\/3143"}],"wp:attachment":[{"href":"https:\/\/nice.wordcamp.org\/2026\/wp-json\/wp\/v2\/media?parent=13"}],"curies":[{"name":"wp","href":"https:\/\/api.w.org\/{rel}","templated":true}]}}