{"id":20,"date":"2025-07-03T15:29:32","date_gmt":"2025-07-03T13:29:32","guid":{"rendered":"https:\/\/nice.wordcamp.org\/2026\/code-of-conduct\/"},"modified":"2025-10-28T10:26:58","modified_gmt":"2025-10-28T09:26:58","slug":"code-of-conduct","status":"publish","type":"page","link":"https:\/\/nice.wordcamp.org\/2026\/code-of-conduct\/","title":{"rendered":"Code de conduite"},"content":{"rendered":"\n<div class=\"wp-block-group top-wave has-custom-midblu-background-color has-background has-global-padding is-layout-constrained wp-block-group-is-layout-constrained\" style=\"border-top-color:var(--wp--preset--color--accent-5);border-top-width:1px;margin-top:0px;background-image:url(&apos;https:\/\/nice.wordcamp.org\/2026\/files\/2025\/10\/top-wave.png&apos;);background-position:50% 50%;background-repeat:no-repeat;background-size:contain;background-attachment:scroll;\">\n<div class=\"wp-block-group is-layout-flow wp-block-group-is-layout-flow\">\n<div class=\"wp-block-group is-layout-flow wp-block-group-is-layout-flow\">\n<div class=\"wp-block-group top-grid is-layout-grid wp-container-core-group-is-layout-72799b3f wp-block-group-is-layout-grid\">\n<div class=\"wp-block-group has-global-padding is-layout-constrained wp-block-group-is-layout-constrained\" style=\"margin-top:64px;margin-bottom:64px\">\n<div class=\"wp-block-group is-nowrap is-layout-flex wp-container-core-group-is-layout-6c531013 wp-block-group-is-layout-flex\"><div role=\"navigation\" aria-label=\"Breadcrumbs\" style=\"font-size:clamp(14px, 0.875rem + ((1vw - 3.2px) * 0.202), 16px);\" class=\"wp-elements-f3a5b42fcbb1319526e68cf23b678a2f wp-block-wporg-site-breadcrumbs has-text-color has-accent-3-color\"><div class=\"wporg-site-breadcrumbs__wrapper\"><span><a href=\"https:\/\/nice.wordcamp.org\/2026\">WordCamp Nice 2026<\/a><\/span><span class=\"is-current-page\">Code de conduite<\/span><\/div><\/div><\/div>\n\n\n\n<h1 class=\"wp-block-heading\" style=\"font-size:clamp(27.894px, 1.743rem + ((1vw - 3.2px) * 2.027), 48px);font-style:normal;font-weight:600\">Code de conduite<\/h1>\n\n\n\n<p class=\"has-custom-gray-color has-text-color has-link-color wp-elements-04d515db669e77c268f0dbdc4221cd67\" style=\"border-left-color:var(--wp--preset--color--accent-4);border-left-style:solid;border-left-width:1px;padding-left:24px\">L\u2019\u00e9quipe de WordCamp Nice estime que notre communaut\u00e9 devrait \u00eatre ouverte \u00e0 toutes et tous. De fait, nous nous engageons \u00e0 mettre en place un environnement convivial, s\u00fbr et accueillant pour tous les participantes et participants, sans distinction de genre, d\u2019orientation sexuelle, de handicap, d\u2019origine ethnique, ou de religion \u2014 ni m\u00eame de syst\u00e8me d\u2019exploitation, de langage de programmation ou d\u2019\u00e9diteur de code pr\u00e9f\u00e9r\u00e9.<\/p>\n\n\n\n<div class=\"wp-block-buttons is-layout-flex wp-block-buttons-is-layout-flex\">\n<div class=\"wp-block-button book-icon\"><a class=\"wp-block-button__link has-accent-1-background-color has-background wp-element-button\" href=\"https:\/\/nice.wordcamp.org\/2026\/billetterie\/\">R\u00e9server ma place<\/a><\/div>\n\n\n\n<div class=\"wp-block-button book-icon is-style-outline is-style-outline--1\"><a class=\"wp-block-button__link wp-element-button\" href=\"https:\/\/nice.wordcamp.org\/2026\/contact\/\">Contact<\/a><\/div>\n<\/div>\n<\/div>\n\n\n\n<div class=\"wp-block-group has-global-padding is-layout-constrained wp-block-group-is-layout-constrained\">\n<figure class=\"wp-block-image aligncenter size-full is-resized\" style=\"margin-top:12px;margin-bottom:12px\"><img loading=\"lazy\" decoding=\"async\" width=\"502\" height=\"592\" src=\"https:\/\/nice.wordcamp.org\/2026\/files\/2025\/10\/wapuu-right.png\" alt=\"Wapuu se baigne\" class=\"wp-image-846\" style=\"object-fit:cover;width:251px;height:296px\" srcset=\"https:\/\/nice.wordcamp.org\/2026\/files\/2025\/10\/wapuu-right.png 502w, https:\/\/nice.wordcamp.org\/2026\/files\/2025\/10\/wapuu-right-254x300.png 254w\" sizes=\"auto, (max-width: 502px) 100vw, 502px\" \/><\/figure>\n<\/div>\n<\/div>\n<\/div>\n<\/div>\n<\/div>\n\n\n\n<div class=\"wp-block-group has-custom-anotherblu-background-color has-background has-global-padding is-layout-constrained wp-block-group-is-layout-constrained\" style=\"min-height:48px;margin-top:0px\"><\/div>\n\n\n\n<div class=\"wp-block-group has-global-padding is-layout-constrained wp-block-group-is-layout-constrained\" style=\"padding-top:32px\">\n<p>Le pr\u00e9sent code de conduite \u00e9nonce nos attentes en mati\u00e8re de comportement des participantes et participants, ainsi que les cons\u00e9quences d\u2019un comportement inacceptable.<\/p>\n\n\n\n<p>Nous invitons tous les sponsors, les b\u00e9n\u00e9voles, les intervenantes et intervenants, les auditrices, auditeurs&nbsp;et les autres participantes et participants \u00e0 nous aider \u00e0 faire du WordCamp Nice une&nbsp;conf\u00e9rence s\u00fbre&nbsp;et b\u00e9n\u00e9ficiant \u00e0&nbsp;tout le monde.<\/p>\n\n\n\n<h2 class=\"wp-block-heading\" id=\"etre-un-bon-citoyen-de-l-open-source\">\u00catre un bon citoyen de l\u2019Open Source<\/h2>\n\n\n\n<p>Un objectif suppl\u00e9mentaire de ce code de conduite est d\u2019accroitre le nombre de membres de la communaut\u00e9&nbsp;open source en encourageant les participantes et participants \u00e0 d\u00e9couvrir&nbsp;et renforcer les relations entre ce que nous faisons et la communaut\u00e9 dans son ensemble.<\/p>\n\n\n\n<p>Dans cette optique, l\u2019\u00e9quipe d\u2019organisation de WordCamp Nice accepterons des nominations de citoyennes et citoyens exemplaires durant l\u2019\u00e9v\u00e8nement afin de mettre en avant une s\u00e9lection de participantes et participants sur le site de la conf\u00e9rence une fois celle-ci termin\u00e9e.<\/p>\n\n\n\n<p>Ainsi, si en tant que participante ou participant vous constatez que quelqu\u2019un fait un effort particulier pour s\u2019assurer que la communaut\u00e9 est accueillante, amicale, et qu\u2019elle encourage toutes et tous \u00e0 contribuer le plus possible, cela nous int\u00e9resse. Vous pourrez le ou la nommer \u00e0 l\u2019accueil de l\u2019\u00e9v\u00e9nement.<\/p>\n\n\n\n<h2 class=\"wp-block-heading\" id=\"comportement-attendu\">Comportement attendu<\/h2>\n\n\n\n<ul class=\"wp-block-list\">\n<li>Faites attention \u00e0 autrui, soyez respectueux et ouverts au partage.<\/li>\n\n\n\n<li>Abstenez-vous de comportements et propos discriminatoires, humiliants ou d\u00e9gradants.<\/li>\n\n\n\n<li>Tenez compte de votre environnement imm\u00e9diat et des autres participantes et participants. Pr\u00e9venez l\u2019\u00e9quipe d\u2019organisation si vous remarquez une situation dangereuse ou quelqu\u2019un en d\u00e9tresse.<\/li>\n\n\n\n<li>Participez de mani\u00e8re authentique et active. Ce faisant, vous aiderez \u00e0 faire du WordCamp Nice un \u00e9v\u00e8nement r\u00e9ussi autant pour vous-m\u00eames que pour les autres participantes et participants.<\/li>\n<\/ul>\n\n\n\n<h2 class=\"wp-block-heading\" id=\"comportements-inacceptables\">Comportements inacceptables<\/h2>\n\n\n\n<p>La liste des comportements inacceptables inclut : intimidation, harc\u00e8lement, discrimination, et en g\u00e9n\u00e9ral avoir une conduite abusive, d\u00e9rogatoire ou d\u00e9gradante, ce pour toutes les personnes participant au WordCamp et ses \u00e9v\u00e8nements attach\u00e9s (comme les diners et soir\u00e9es).<br>Les membres du public du WordCamp Nice peuvent librement acc\u00e9der et utiliser aux lieux de l\u2019\u00e9v\u00e8nement, \u00e0 partir du moment o\u00f9 chacun respecte les autres membres, participantes et participants.<\/p>\n\n\n\n<p>Nous d\u00e9finissons le harc\u00e8lement comme suite :<\/p>\n\n\n\n<ul class=\"wp-block-list\">\n<li>faire verbalement ou par \u00e9crit des commentaires li\u00e9s au genre, \u00e0 l\u2019orientation sexuelle, \u00e0 la couleur de peau ou l\u2019origine ethnique, \u00e0 l\u2019incapacit\u00e9 ou au handicap ;<\/li>\n\n\n\n<li>utiliser la nudit\u00e9 ou des images \u00e0 caract\u00e8re pornographique dans un lieu public (y compris dans les slides de pr\u00e9sentation) ;<\/li>\n\n\n\n<li>l\u2019intimidation d\u00e9lib\u00e9r\u00e9e, la traque furtive (\u00ab&nbsp;<em>stalking<\/em>&nbsp;\u00bb&nbsp;) ou le fait de suivre une personne de trop pr\u00e8s ;<\/li>\n\n\n\n<li>prendre une photo ou une vid\u00e9o par la contrainte ;<\/li>\n\n\n\n<li>perturber une conf\u00e9rence ou un autre \u00e9v\u00e8nement de mani\u00e8re prolong\u00e9e ;<\/li>\n\n\n\n<li>faire des contacts physiques inappropri\u00e9s ;<\/li>\n\n\n\n<li>faire des avances sexuelles non sollicit\u00e9es.<\/li>\n<\/ul>\n\n\n\n<h2 class=\"wp-block-heading\" id=\"consequences-d-un-comportement-inacceptable\">Cons\u00e9quences&nbsp;d\u2019un comportement inacceptable<\/h2>\n\n\n\n<p>Les comportements inacceptables ne seront pas tol\u00e9r\u00e9s, qu\u2019ils soient le fait des participantes, participants, membres de l\u2019organisation, des employ\u00e9s des lieux ou d\u2019autres personnes pr\u00e9sentes sur les lieux de WordCamp Nice.<\/p>\n\n\n\n<p>Quiconque se voit demander d\u2019arr\u00eater d\u2019avoir un comportement inacceptable devra se conformer aux r\u00e8gles imm\u00e9diatement.<\/p>\n\n\n\n<p>S\u2019il se trouve qu\u2019un participant prolonge son comportement inacceptable, l\u2019\u00e9quipe d\u2019organisation de la conf\u00e9rence pourra prendre toute action estim\u00e9e n\u00e9cessaire, y compris l\u2019expulsion de la conf\u00e9rence sans avertissement ni remboursement.<\/p>\n\n\n\n<h2 class=\"wp-block-heading\" id=\"que-faire-si-vous-etes-temoin-ou-victime-d-un-comportement-inacceptable\">Que faire si vous \u00eates t\u00e9moin ou victime d\u2019un comportement inacceptable&nbsp;?<\/h2>\n\n\n\n<p>Si vous \u00eates victime d\u2019un comportement inacceptable durant l\u2019\u00e9v\u00e8nement, que vous remarquez que quelqu\u2019un subit un comportement inacceptable, ou que vous avez des doutes, veuillez en parler d\u00e8s que possible \u00e0 l\u2019un des membres de l\u2019organisation de la conf\u00e9rence.<\/p>\n\n\n\n<p><strong>L\u2019\u00e9quipe du WordCamp Nice sera toujours disponible pour aider les participants<\/strong>&nbsp;\u00e0 contacter le service de s\u00e9curit\u00e9 du lieu ou m\u00eame la police, \u00e0 escorter ou assister celles et ceux qui subissent un comportement inacceptable afin qu\u2019elles\/ils se sentent en s\u00e9curit\u00e9 pendant la dur\u00e9e de l\u2019\u00e9v\u00e8nement.<\/p>\n\n\n\n<p>Les volontaires qui pr\u00eatent main-forte \u00e0 l\u2019\u00e9quipe d\u2019organisation porteront un t-shirt distinctif. Toute personne volontaire pourra vous mener \u00e0 un membre de l\u2019organisation de la conf\u00e9rence. Vous pouvez \u00e9galement vous rendre \u00e0 l\u2019accueil et demander \u00e0 parler \u00e0 une personne membre de l\u2019organisation.<\/p>\n\n\n\n<h2 class=\"wp-block-heading\" id=\"application\">Application<\/h2>\n\n\n\n<p>Nous comptons sur tous les participants (sponsors, volontaires, conf\u00e9renciers, participants et autres invit\u00e9s) \u00e0 se conformer \u00e0 ce code de conduite pendant la dur\u00e9e de l\u2019\u00e9v\u00e8nement ainsi que durant les \u00e9v\u00e8nements li\u00e9s (diners, soir\u00e9es, etc.).<\/p>\n\n\n\n<h2 class=\"wp-block-heading\" id=\"information-de-contact\">Information de contact<\/h2>\n\n\n\n<p>Vous pouvez contacter l\u2019\u00e9quipe d\u2019organisation par le biais du&nbsp;formulaire de contact.<\/p>\n\n\n\n<p>Durant l\u2019\u00e9v\u00e8nement, vous pourrez nous contacter en ligne viaLinkedIn, sur les compte&nbsp;<a href=\"https:\/\/www.linkedin.com\/company\/wordcamp-nice\/posts\/\" target=\"_blank\" rel=\"noreferrer noopener\">@WCNice<\/a>&nbsp;ou sur le hashtag&nbsp;<a href=\"https:\/\/www.linkedin.com\/search\/results\/all\/?keywords=%23wcnice&amp;origin=HASH_TAG_FROM_FEED&amp;sid=Qwk\" target=\"_blank\" rel=\"noreferrer noopener\">#WCNICE<\/a>.<\/p>\n\n\n\n<h2 class=\"wp-block-heading\" id=\"licence-d-utilisation-et-attribution\">Licence d\u2019utilisation&nbsp;et attribution<\/h2>\n\n\n\n<p>Ce Code de Conduite est repris directement du travail formidable r\u00e9alis\u00e9 par Open Source Bridge, mis \u00e0 jour avec les informations propres \u00e0 notre \u00e9v\u00e8nement. L\u2019original se trouve \u00e0 l\u2019adresse&nbsp;<a href=\"https:\/\/make.wordpress.org\/handbook\/community-code-of-conduct\/\" target=\"_blank\" rel=\"noreferrer noopener\">https:\/\/make.wordpress.org\/handbook\/community-code-of-conduct\/<\/a>&nbsp;et est distribu\u00e9 sous licence&nbsp;<a href=\"http:\/\/creativecommons.org\/licenses\/by-sa\/3.0\/\" target=\"_blank\" rel=\"noreferrer noopener\">Creative Commons Attribution-ShareAlike<\/a>.<\/p>\n<\/div>\n","protected":false},"excerpt":{"rendered":"<p>Code de conduite L\u2019\u00e9quipe de WordCamp Nice estime que notre communaut\u00e9 devrait \u00eatre ouverte \u00e0 toutes et tous. De fait, nous nous engageons \u00e0 mettre en place un environnement convivial, s\u00fbr et accueillant pour tous les participantes et participants, sans distinction de genre, d\u2019orientation sexuelle, de handicap, d\u2019origine ethnique, ou de religion \u2014 ni m\u00eame [&hellip;]<\/p>\n","protected":false},"author":14055720,"featured_media":0,"parent":0,"menu_order":0,"comment_status":"closed","ping_status":"closed","template":"titre-dans-header","meta":{"jetpack_post_was_ever_published":false,"footnotes":""},"class_list":["post-20","page","type-page","status-publish","hentry"],"jetpack_sharing_enabled":true,"_links":{"self":[{"href":"https:\/\/nice.wordcamp.org\/2026\/wp-json\/wp\/v2\/pages\/20","targetHints":{"allow":["GET"]}}],"collection":[{"href":"https:\/\/nice.wordcamp.org\/2026\/wp-json\/wp\/v2\/pages"}],"about":[{"href":"https:\/\/nice.wordcamp.org\/2026\/wp-json\/wp\/v2\/types\/page"}],"author":[{"embeddable":true,"href":"https:\/\/nice.wordcamp.org\/2026\/wp-json\/wp\/v2\/users\/14055720"}],"replies":[{"embeddable":true,"href":"https:\/\/nice.wordcamp.org\/2026\/wp-json\/wp\/v2\/comments?post=20"}],"version-history":[{"count":8,"href":"https:\/\/nice.wordcamp.org\/2026\/wp-json\/wp\/v2\/pages\/20\/revisions"}],"predecessor-version":[{"id":1148,"href":"https:\/\/nice.wordcamp.org\/2026\/wp-json\/wp\/v2\/pages\/20\/revisions\/1148"}],"wp:attachment":[{"href":"https:\/\/nice.wordcamp.org\/2026\/wp-json\/wp\/v2\/media?parent=20"}],"curies":[{"name":"wp","href":"https:\/\/api.w.org\/{rel}","templated":true}]}}