{"id":3047,"date":"2026-02-20T15:20:44","date_gmt":"2026-02-20T14:20:44","guid":{"rendered":"https:\/\/nice.wordcamp.org\/2026\/?page_id=3047"},"modified":"2026-02-20T15:20:44","modified_gmt":"2026-02-20T14:20:44","slug":"benevoles","status":"publish","type":"page","link":"https:\/\/nice.wordcamp.org\/2026\/benevoles\/","title":{"rendered":"B\u00e9n\u00e9voles"},"content":{"rendered":"\n<div class=\"wp-block-group top-wave has-custom-midblu-background-color has-background has-global-padding is-layout-constrained wp-block-group-is-layout-constrained\" style=\"border-top-color:var(--wp--preset--color--accent-5);border-top-width:1px;margin-top:0px;background-image:url(&apos;https:\/\/nice.wordcamp.org\/2026\/files\/2025\/10\/top-wave.png&apos;);background-position:50% 50%;background-repeat:no-repeat;background-size:contain;background-attachment:scroll;\">\n<div class=\"wp-block-group is-layout-flow wp-block-group-is-layout-flow\">\n<div class=\"wp-block-group is-layout-flow wp-block-group-is-layout-flow\">\n<div class=\"wp-block-group top-grid is-layout-grid wp-container-core-group-is-layout-e73b70ee wp-block-group-is-layout-grid\" style=\"padding-top:0px\">\n<div class=\"wp-block-group has-global-padding is-layout-constrained wp-block-group-is-layout-constrained\" style=\"margin-top:64px;margin-bottom:64px\">\n<div class=\"wp-block-group is-nowrap is-layout-flex wp-container-core-group-is-layout-6c531013 wp-block-group-is-layout-flex\"><div role=\"navigation\" aria-label=\"Breadcrumbs\" style=\"font-size:clamp(14px, 0.875rem + ((1vw - 3.2px) * 0.202), 16px);\" class=\"wp-elements-f3a5b42fcbb1319526e68cf23b678a2f wp-block-wporg-site-breadcrumbs has-text-color has-accent-3-color\"><div class=\"wporg-site-breadcrumbs__wrapper\"><span><a href=\"https:\/\/nice.wordcamp.org\/2026\">WordCamp Nice 2026<\/a><\/span><span class=\"is-current-page\">B\u00e9n\u00e9voles<\/span><\/div><\/div><\/div>\n\n\n\n<h1 class=\"wp-block-heading\" style=\"font-size:clamp(27.894px, 1.743rem + ((1vw - 3.2px) * 2.027), 48px);font-style:normal;font-weight:600\">Ils font vivre l&rsquo;\u00e9v\u00e9nement<\/h1>\n\n\n\n<p class=\"has-custom-gray-color has-text-color has-link-color wp-elements-05a9be6dccc2b9ddfb8292cfa06169a5\" style=\"border-left-color:var(--wp--preset--color--accent-4);border-left-style:solid;border-left-width:1px;padding-left:24px\">Gr\u00e2ce \u00e0 leur \u00e9nergie et leur bonne humeur, les b\u00e9n\u00e9voles du WordCamp Nice 2026 rendent possible chaque instant du week-end. Accueil, logistique, accompagnement des participants\u2026 leur pr\u00e9sence bienveillante cr\u00e9e cette atmosph\u00e8re conviviale qui fait le charme de la communaut\u00e9 WordPress.<\/p>\n\n\n\n<div class=\"wp-block-buttons is-layout-flex wp-block-buttons-is-layout-flex\">\n<div class=\"wp-block-button book-icon\"><a class=\"wp-block-button__link wp-element-button\" href=\"https:\/\/nice.wordcamp.org\/2026\/billetterie\/\">R\u00e9server ma place<\/a><\/div>\n<\/div>\n<\/div>\n\n\n\n<div class=\"wp-block-group has-global-padding is-layout-constrained wp-block-group-is-layout-constrained\">\n<figure class=\"wp-block-image aligncenter size-full is-resized\" style=\"margin-top:12px;margin-bottom:12px\"><img loading=\"lazy\" decoding=\"async\" width=\"502\" height=\"592\" src=\"https:\/\/nice.wordcamp.org\/2026\/files\/2025\/10\/wapuu-right.png\" alt=\"Wapuu se baigne\" class=\"wp-image-846\" style=\"object-fit:cover;width:251px;height:296px\" srcset=\"https:\/\/nice.wordcamp.org\/2026\/files\/2025\/10\/wapuu-right.png 502w, https:\/\/nice.wordcamp.org\/2026\/files\/2025\/10\/wapuu-right-254x300.png 254w\" sizes=\"auto, (max-width: 502px) 100vw, 502px\" \/><\/figure>\n<\/div>\n<\/div>\n<\/div>\n<\/div>\n<\/div>\n\n\n\n<div class=\"wp-block-group has-custom-anotherblu-background-color has-background has-global-padding is-layout-constrained wp-block-group-is-layout-constrained\" style=\"min-height:48px;margin-top:0px\"><\/div>\n\n\n\n<div class=\"wp-block-group has-global-padding is-layout-constrained wp-block-group-is-layout-constrained\">\t\t<div id=\"tix-attendees\">\n\t\t\t<ul class=\"tix-attendee-list tix-columns-3\">\n\t\t\t\t<li><img alt='' src='https:\/\/secure.gravatar.com\/avatar\/08258965b7c35d923f553b96afac57697c9996d1fe9ec62ddd33526d42a31867?s=96&#038;d=mm&#038;r=g' srcset='https:\/\/secure.gravatar.com\/avatar\/08258965b7c35d923f553b96afac57697c9996d1fe9ec62ddd33526d42a31867?s=192&#038;d=mm&#038;r=g 2x' class='avatar avatar-96 photo' height='96' width='96' \/>\n\t\t\t\t\t\t<div class=\"tix-field tix-attendee-name\">\n\t\t\t\t\t\t\t<span class=\"tix-first\">Anne-Aymone<\/span> <span class=\"tix-last\">Huyghues-Despointes<\/span>\t\t\t\t\t\t<\/div>\n\n\t\t\t\t\t\t\n\t\t\t\t\t\t<\/li><li><img alt='' src='https:\/\/secure.gravatar.com\/avatar\/b0f3f3111d9c877a4478cffeaeb856a0182768cc0b9b60571b61484a649f00b6?s=96&#038;d=mm&#038;r=g' srcset='https:\/\/secure.gravatar.com\/avatar\/b0f3f3111d9c877a4478cffeaeb856a0182768cc0b9b60571b61484a649f00b6?s=192&#038;d=mm&#038;r=g 2x' class='avatar avatar-96 photo' height='96' width='96' \/>\n\t\t\t\t\t\t<div class=\"tix-field tix-attendee-name\">\n\t\t\t\t\t\t\t<span class=\"tix-first\">Applh.com<\/span> <span class=\"tix-last\">Long Hai<\/span>\t\t\t\t\t\t<\/div>\n\n\t\t\t\t\t\t\n\t\t\t\t\t\t<\/li><li><img alt='' src='https:\/\/secure.gravatar.com\/avatar\/cd382a5f9f1b7b0b1423626639d84755bca322ce83c0577e26eacdccc2c29f4c?s=96&#038;d=mm&#038;r=g' srcset='https:\/\/secure.gravatar.com\/avatar\/cd382a5f9f1b7b0b1423626639d84755bca322ce83c0577e26eacdccc2c29f4c?s=192&#038;d=mm&#038;r=g 2x' class='avatar avatar-96 photo' height='96' width='96' \/>\n\t\t\t\t\t\t<div class=\"tix-field tix-attendee-name\">\n\t\t\t\t\t\t\t<span class=\"tix-first\">Brice<\/span> <span class=\"tix-last\">Josselin<\/span>\t\t\t\t\t\t<\/div>\n\n\t\t\t\t\t\t\n\t\t\t\t\t\t<\/li><li><img alt='' src='https:\/\/secure.gravatar.com\/avatar\/2dcbc50afab50a93791ee7b688deb5d6dc6a7c2c5d2cd150477978b2406744f4?s=96&#038;d=mm&#038;r=g' srcset='https:\/\/secure.gravatar.com\/avatar\/2dcbc50afab50a93791ee7b688deb5d6dc6a7c2c5d2cd150477978b2406744f4?s=192&#038;d=mm&#038;r=g 2x' class='avatar avatar-96 photo' height='96' width='96' \/>\n\t\t\t\t\t\t<div class=\"tix-field tix-attendee-name\">\n\t\t\t\t\t\t\t<span class=\"tix-first\">Camille<\/span> <span class=\"tix-last\">Andriamahatratra<\/span>\t\t\t\t\t\t<\/div>\n\n\t\t\t\t\t\t\n\t\t\t\t\t\t<\/li><li><img alt='' src='https:\/\/secure.gravatar.com\/avatar\/8d49c8ea35d4bdc20fb7a00c55eaf9bd4cf298c5bf66c2804bc2957db8b1b920?s=96&#038;d=mm&#038;r=g' srcset='https:\/\/secure.gravatar.com\/avatar\/8d49c8ea35d4bdc20fb7a00c55eaf9bd4cf298c5bf66c2804bc2957db8b1b920?s=192&#038;d=mm&#038;r=g 2x' class='avatar avatar-96 photo' height='96' width='96' \/>\n\t\t\t\t\t\t<div class=\"tix-field tix-attendee-name\">\n\t\t\t\t\t\t\t<span class=\"tix-first\">Christophe<\/span> <span class=\"tix-last\">Desclaux<\/span>\t\t\t\t\t\t<\/div>\n\n\t\t\t\t\t\t\n\t\t\t\t\t\t<\/li><li><img alt='' src='https:\/\/secure.gravatar.com\/avatar\/6920a34ceb18e33b00e05092edcb9f2c7a7f59530d7fa45908b3524a0835cc7e?s=96&#038;d=mm&#038;r=g' srcset='https:\/\/secure.gravatar.com\/avatar\/6920a34ceb18e33b00e05092edcb9f2c7a7f59530d7fa45908b3524a0835cc7e?s=192&#038;d=mm&#038;r=g 2x' class='avatar avatar-96 photo' height='96' width='96' \/>\n\t\t\t\t\t\t<div class=\"tix-field tix-attendee-name\">\n\t\t\t\t\t\t\t<span class=\"tix-first\">Christophe<\/span> <span class=\"tix-last\">GIBELLI<\/span>\t\t\t\t\t\t<\/div>\n\n\t\t\t\t\t\t\n\t\t\t\t\t\t<\/li><li><img alt='' src='https:\/\/secure.gravatar.com\/avatar\/ca855007b36b79993984517ac66efde0af51741fe184869958719ff2c2eb98f8?s=96&#038;d=mm&#038;r=g' srcset='https:\/\/secure.gravatar.com\/avatar\/ca855007b36b79993984517ac66efde0af51741fe184869958719ff2c2eb98f8?s=192&#038;d=mm&#038;r=g 2x' class='avatar avatar-96 photo' height='96' width='96' \/>\n\t\t\t\t\t\t<div class=\"tix-field tix-attendee-name\">\n\t\t\t\t\t\t\t<span class=\"tix-first\">Denis<\/span> <span class=\"tix-last\">Bisteinov<\/span>\t\t\t\t\t\t<\/div>\n\n\t\t\t\t\t\t\n\t\t\t\t\t\t<\/li><li><img alt='' src='https:\/\/secure.gravatar.com\/avatar\/c39bf06de3dbb84bed2ff4a47c177e3078e30f09925b6b1bfdf22b2380f2822d?s=96&#038;d=mm&#038;r=g' srcset='https:\/\/secure.gravatar.com\/avatar\/c39bf06de3dbb84bed2ff4a47c177e3078e30f09925b6b1bfdf22b2380f2822d?s=192&#038;d=mm&#038;r=g 2x' class='avatar avatar-96 photo' height='96' width='96' \/>\n\t\t\t\t\t\t<div class=\"tix-field tix-attendee-name\">\n\t\t\t\t\t\t\t<span class=\"tix-first\">Denis<\/span> <span class=\"tix-last\">SAN CARLOS<\/span>\t\t\t\t\t\t<\/div>\n\n\t\t\t\t\t\t\n\t\t\t\t\t\t<\/li><li><img alt='' src='https:\/\/secure.gravatar.com\/avatar\/4f9c0080a4c1350224090b6655dbffb426c672343082e339c466fb2741380e66?s=96&#038;d=mm&#038;r=g' srcset='https:\/\/secure.gravatar.com\/avatar\/4f9c0080a4c1350224090b6655dbffb426c672343082e339c466fb2741380e66?s=192&#038;d=mm&#038;r=g 2x' class='avatar avatar-96 photo' height='96' width='96' \/>\n\t\t\t\t\t\t<div class=\"tix-field tix-attendee-name\">\n\t\t\t\t\t\t\t<span class=\"tix-first\">GIRONE<\/span> <span class=\"tix-last\">Remi<\/span>\t\t\t\t\t\t<\/div>\n\n\t\t\t\t\t\t\n\t\t\t\t\t\t<\/li><li><img alt='' src='https:\/\/secure.gravatar.com\/avatar\/4122a5f1fcbec2cc747ef0e975895b761b729e84d767f014ad1b96f38332a7ee?s=96&#038;d=mm&#038;r=g' srcset='https:\/\/secure.gravatar.com\/avatar\/4122a5f1fcbec2cc747ef0e975895b761b729e84d767f014ad1b96f38332a7ee?s=192&#038;d=mm&#038;r=g 2x' class='avatar avatar-96 photo' height='96' width='96' \/>\n\t\t\t\t\t\t<div class=\"tix-field tix-attendee-name\">\n\t\t\t\t\t\t\t<span class=\"tix-first\">Kim Son<\/span> <span class=\"tix-last\">VO<\/span>\t\t\t\t\t\t<\/div>\n\n\t\t\t\t\t\t\n\t\t\t\t\t\t<\/li><li><img alt='' src='https:\/\/secure.gravatar.com\/avatar\/2e10c3f09509ed8c5358f0accf0d874b428b95db7b178693fa4457180f191f06?s=96&#038;d=mm&#038;r=g' srcset='https:\/\/secure.gravatar.com\/avatar\/2e10c3f09509ed8c5358f0accf0d874b428b95db7b178693fa4457180f191f06?s=192&#038;d=mm&#038;r=g 2x' class='avatar avatar-96 photo' height='96' width='96' \/>\n\t\t\t\t\t\t<div class=\"tix-field tix-attendee-name\">\n\t\t\t\t\t\t\t<span class=\"tix-first\">Laurie<\/span> <span class=\"tix-last\">CHIARA-VITI<\/span>\t\t\t\t\t\t<\/div>\n\n\t\t\t\t\t\t\n\t\t\t\t\t\t<\/li><li><img alt='' src='https:\/\/secure.gravatar.com\/avatar\/9a4b2ecc0aa3b8ef5b619becb6ecd54b7deff6861e972dffbd8ad3cbb7589b39?s=96&#038;d=mm&#038;r=g' srcset='https:\/\/secure.gravatar.com\/avatar\/9a4b2ecc0aa3b8ef5b619becb6ecd54b7deff6861e972dffbd8ad3cbb7589b39?s=192&#038;d=mm&#038;r=g 2x' class='avatar avatar-96 photo' height='96' width='96' \/>\n\t\t\t\t\t\t<div class=\"tix-field tix-attendee-name\">\n\t\t\t\t\t\t\t<span class=\"tix-first\">Marine<\/span> <span class=\"tix-last\">LARMIER<\/span>\t\t\t\t\t\t<\/div>\n\n\t\t\t\t\t\t\n\t\t\t\t\t\t<\/li><li><img alt='' src='https:\/\/secure.gravatar.com\/avatar\/0ef7f93a27613c962d5efecaa3cd4ec9fbffc85765141042de5122acb2fef3ed?s=96&#038;d=mm&#038;r=g' srcset='https:\/\/secure.gravatar.com\/avatar\/0ef7f93a27613c962d5efecaa3cd4ec9fbffc85765141042de5122acb2fef3ed?s=192&#038;d=mm&#038;r=g 2x' class='avatar avatar-96 photo' height='96' width='96' \/>\n\t\t\t\t\t\t<div class=\"tix-field tix-attendee-name\">\n\t\t\t\t\t\t\t<span class=\"tix-first\">Oph\u00e9lia<\/span> <span class=\"tix-last\">- Aufaitsurleweb<\/span>\t\t\t\t\t\t<\/div>\n\n\t\t\t\t\t\t\n\t\t\t\t\t\t<\/li><li><img alt='' src='https:\/\/secure.gravatar.com\/avatar\/c33dffb0341aeea5d96c65cebc3e165acf0326be7d7b2a7670310139309c1100?s=96&#038;d=mm&#038;r=g' srcset='https:\/\/secure.gravatar.com\/avatar\/c33dffb0341aeea5d96c65cebc3e165acf0326be7d7b2a7670310139309c1100?s=192&#038;d=mm&#038;r=g 2x' class='avatar avatar-96 photo' height='96' width='96' \/>\n\t\t\t\t\t\t<div class=\"tix-field tix-attendee-name\">\n\t\t\t\t\t\t\t<span class=\"tix-first\">Patricia<\/span> <span class=\"tix-last\">BT<\/span>\t\t\t\t\t\t<\/div>\n\n\t\t\t\t\t\t\n\t\t\t\t\t\t<\/li><li><img alt='' src='https:\/\/secure.gravatar.com\/avatar\/a02def303f7ef78ef0afab03200df554417744da50845cf47e77ae9b3deebcae?s=96&#038;d=mm&#038;r=g' srcset='https:\/\/secure.gravatar.com\/avatar\/a02def303f7ef78ef0afab03200df554417744da50845cf47e77ae9b3deebcae?s=192&#038;d=mm&#038;r=g 2x' class='avatar avatar-96 photo' height='96' width='96' \/>\n\t\t\t\t\t\t<div class=\"tix-field tix-attendee-name\">\n\t\t\t\t\t\t\t<span class=\"tix-first\">Philippe<\/span> <span class=\"tix-last\">DAVID<\/span>\t\t\t\t\t\t<\/div>\n\n\t\t\t\t\t\t\n\t\t\t\t\t\t<\/li><li><img alt='' src='https:\/\/secure.gravatar.com\/avatar\/c25ba6627544dcadd0c7e4ac375ddee6c04bbc182e71e6607804405897813613?s=96&#038;d=mm&#038;r=g' srcset='https:\/\/secure.gravatar.com\/avatar\/c25ba6627544dcadd0c7e4ac375ddee6c04bbc182e71e6607804405897813613?s=192&#038;d=mm&#038;r=g 2x' class='avatar avatar-96 photo' height='96' width='96' \/>\n\t\t\t\t\t\t<div class=\"tix-field tix-attendee-name\">\n\t\t\t\t\t\t\t<span class=\"tix-first\">Pierre<\/span> <span class=\"tix-last\">Mobian<\/span>\t\t\t\t\t\t<\/div>\n\n\t\t\t\t\t\t\n\t\t\t\t\t\t<\/li><li><img alt='' src='https:\/\/secure.gravatar.com\/avatar\/4c8b8e3a0997c95b2ea974c72eac5ef2b3d6176ad0fbd9f3971c1bcfa121ce0d?s=96&#038;d=mm&#038;r=g' srcset='https:\/\/secure.gravatar.com\/avatar\/4c8b8e3a0997c95b2ea974c72eac5ef2b3d6176ad0fbd9f3971c1bcfa121ce0d?s=192&#038;d=mm&#038;r=g 2x' class='avatar avatar-96 photo' height='96' width='96' \/>\n\t\t\t\t\t\t<div class=\"tix-field tix-attendee-name\">\n\t\t\t\t\t\t\t<span class=\"tix-first\">v\u00e9ronique<\/span> <span class=\"tix-last\">lamoureux<\/span>\t\t\t\t\t\t<\/div>\n\n\t\t\t\t\t\t\n\t\t\t\t\t\t<\/li>\t\t\t<\/ul>\n\t\t<\/div>\n\t\t<br class=\"tix-clear\"\/>\n\t\t\n<\/div>\n","protected":false},"excerpt":{"rendered":"<p>Ils font vivre l&rsquo;\u00e9v\u00e9nement Gr\u00e2ce \u00e0 leur \u00e9nergie et leur bonne humeur, les b\u00e9n\u00e9voles du WordCamp Nice 2026 rendent possible chaque instant du week-end. Accueil, logistique, accompagnement des participants\u2026 leur pr\u00e9sence bienveillante cr\u00e9e cette atmosph\u00e8re conviviale qui fait le charme de la communaut\u00e9 WordPress.<\/p>\n","protected":false},"author":15234005,"featured_media":0,"parent":0,"menu_order":0,"comment_status":"closed","ping_status":"closed","template":"titre-dans-header","meta":{"jetpack_post_was_ever_published":false,"footnotes":""},"class_list":["post-3047","page","type-page","status-publish","hentry"],"jetpack_sharing_enabled":true,"_links":{"self":[{"href":"https:\/\/nice.wordcamp.org\/2026\/wp-json\/wp\/v2\/pages\/3047","targetHints":{"allow":["GET"]}}],"collection":[{"href":"https:\/\/nice.wordcamp.org\/2026\/wp-json\/wp\/v2\/pages"}],"about":[{"href":"https:\/\/nice.wordcamp.org\/2026\/wp-json\/wp\/v2\/types\/page"}],"author":[{"embeddable":true,"href":"https:\/\/nice.wordcamp.org\/2026\/wp-json\/wp\/v2\/users\/15234005"}],"replies":[{"embeddable":true,"href":"https:\/\/nice.wordcamp.org\/2026\/wp-json\/wp\/v2\/comments?post=3047"}],"version-history":[{"count":2,"href":"https:\/\/nice.wordcamp.org\/2026\/wp-json\/wp\/v2\/pages\/3047\/revisions"}],"predecessor-version":[{"id":3049,"href":"https:\/\/nice.wordcamp.org\/2026\/wp-json\/wp\/v2\/pages\/3047\/revisions\/3049"}],"wp:attachment":[{"href":"https:\/\/nice.wordcamp.org\/2026\/wp-json\/wp\/v2\/media?parent=3047"}],"curies":[{"name":"wp","href":"https:\/\/api.w.org\/{rel}","templated":true}]}}