{"id":8,"date":"2025-07-03T15:29:32","date_gmt":"2025-07-03T13:29:32","guid":{"rendered":"https:\/\/nice.wordcamp.org\/2026\/speakers\/"},"modified":"2026-01-13T15:59:48","modified_gmt":"2026-01-13T14:59:48","slug":"speakers","status":"publish","type":"page","link":"https:\/\/nice.wordcamp.org\/2026\/speakers\/","title":{"rendered":"Orateurs"},"content":{"rendered":"\n<div class=\"wp-block-group top-wave has-custom-midblu-background-color has-background has-global-padding is-layout-constrained wp-block-group-is-layout-constrained\" style=\"border-top-color:var(--wp--preset--color--accent-5);border-top-width:1px;margin-top:0px;background-image:url(&apos;https:\/\/nice.wordcamp.org\/2026\/files\/2025\/10\/top-wave.png&apos;);background-position:50% 50%;background-repeat:no-repeat;background-size:contain;background-attachment:scroll;\">\n<div class=\"wp-block-group is-layout-flow wp-block-group-is-layout-flow\">\n<div class=\"wp-block-group is-layout-flow wp-block-group-is-layout-flow\">\n<div class=\"wp-block-group top-grid is-layout-grid wp-container-core-group-is-layout-e73b70ee wp-block-group-is-layout-grid\" style=\"padding-top:0px\">\n<div class=\"wp-block-group has-global-padding is-layout-constrained wp-block-group-is-layout-constrained\" style=\"margin-top:64px;margin-bottom:64px\">\n<div class=\"wp-block-group is-nowrap is-layout-flex wp-container-core-group-is-layout-6c531013 wp-block-group-is-layout-flex\"><div role=\"navigation\" aria-label=\"Breadcrumbs\" style=\"font-size:clamp(14px, 0.875rem + ((1vw - 3.2px) * 0.202), 16px);\" class=\"wp-elements-f3a5b42fcbb1319526e68cf23b678a2f wp-block-wporg-site-breadcrumbs has-text-color has-accent-3-color\"><div class=\"wporg-site-breadcrumbs__wrapper\"><span><a href=\"https:\/\/nice.wordcamp.org\/2026\">WordCamp Nice 2026<\/a><\/span><span class=\"is-current-page\">Orateurs<\/span><\/div><\/div><\/div>\n\n\n\n<h1 class=\"wp-block-heading\" style=\"font-size:clamp(27.894px, 1.743rem + ((1vw - 3.2px) * 2.027), 48px);font-style:normal;font-weight:600\">Nos orateurs<\/h1>\n\n\n\n<p class=\"has-custom-gray-color has-text-color has-link-color wp-elements-bc53d88176a7d87c59117045a18ceaa1\" style=\"border-left-color:var(--wp--preset--color--accent-4);border-left-style:solid;border-left-width:1px;padding-left:24px\">Ce sont leurs id\u00e9es, leurs parcours et leur passion qui feront vibrer le WordCamp Nice 2026. \ud83c\udfa4<br>Chacun\u00b7e \u00e0 sa mani\u00e8re apporte une vision, une exp\u00e9rience, une \u00e9tincelle&#8230; bref, de quoi repartir inspir\u00e9 et plein d\u2019envies nouvelles.<\/p>\n<\/div>\n\n\n\n<div class=\"wp-block-group has-global-padding is-layout-constrained wp-block-group-is-layout-constrained\">\n<figure class=\"wp-block-image aligncenter size-full is-resized\" style=\"margin-top:12px;margin-bottom:12px\"><img loading=\"lazy\" decoding=\"async\" width=\"502\" height=\"592\" src=\"https:\/\/nice.wordcamp.org\/2026\/files\/2025\/10\/wapuu-right.png\" alt=\"Wapuu se baigne\" class=\"wp-image-846\" style=\"object-fit:cover;width:251px;height:296px\" srcset=\"https:\/\/nice.wordcamp.org\/2026\/files\/2025\/10\/wapuu-right.png 502w, https:\/\/nice.wordcamp.org\/2026\/files\/2025\/10\/wapuu-right-254x300.png 254w\" sizes=\"auto, (max-width: 502px) 100vw, 502px\" \/><\/figure>\n<\/div>\n<\/div>\n<\/div>\n<\/div>\n<\/div>\n\n\n\n<div class=\"wp-block-group has-custom-anotherblu-background-color has-background has-global-padding is-layout-constrained wp-block-group-is-layout-constrained\" style=\"min-height:48px;margin-top:0px\"><\/div>\n\n\n\n<div class=\"wp-block-group has-global-padding is-layout-constrained wp-block-group-is-layout-constrained\">\n<div class=\"wp-block-query alignwide has-global-padding is-layout-constrained wp-block-query-is-layout-constrained\"><ul class=\"columns-3 alignwide wp-block-post-template has-medium-font-size is-layout-grid wp-container-core-post-template-is-layout-6d3fbd8f wp-block-post-template-is-layout-grid\"><li class=\"wp-block-post post-1792 wcb_speaker type-wcb_speaker status-publish has-post-thumbnail hentry\">\n<figure style=\"width:96px;height:96px;\" class=\"aligncenter is-style-rounded wp-block-wordcamp-avatar\"><img loading=\"lazy\" decoding=\"async\" width=\"96\" height=\"96\" src=\"https:\/\/nice.wordcamp.org\/2026\/files\/2026\/01\/antoine-bouchet-1-150x150.jpg\" class=\"attachment-96x96 size-96x96 wp-post-image\" alt=\"Antoine BOUCHET\" srcset=\"https:\/\/nice.wordcamp.org\/2026\/files\/2026\/01\/antoine-bouchet-1-150x150.jpg 150w, https:\/\/nice.wordcamp.org\/2026\/files\/2026\/01\/antoine-bouchet-1-300x300.jpg 300w, https:\/\/nice.wordcamp.org\/2026\/files\/2026\/01\/antoine-bouchet-1.jpg 450w\" sizes=\"auto, (max-width: 96px) 100vw, 96px\" \/><\/figure>\n\n<h2 class=\"has-text-align-center wp-block-post-title has-x-large-font-size\"><a href=\"https:\/\/nice.wordcamp.org\/2026\/speaker\/antoine-bouchet\/\" target=\"_self\" >Antoine BOUCHET<\/a><\/h2>\n\n\n<div class=\"wp-block-group has-global-padding is-layout-constrained wp-block-group-is-layout-constrained\"><a class=\"wp-block-read-more\" href=\"https:\/\/nice.wordcamp.org\/2026\/speaker\/antoine-bouchet\/\" target=\"_self\">Read More<span class=\"screen-reader-text\">\u00a0: Antoine BOUCHET<\/span><\/a><\/div>\n\n<\/li><li class=\"wp-block-post post-1966 wcb_speaker type-wcb_speaker status-publish has-post-thumbnail hentry\">\n<figure style=\"width:96px;height:96px;\" class=\"aligncenter is-style-rounded wp-block-wordcamp-avatar\"><img loading=\"lazy\" decoding=\"async\" width=\"96\" height=\"96\" src=\"https:\/\/nice.wordcamp.org\/2026\/files\/2026\/01\/cyrille-coquart-150x150.webp\" class=\"attachment-96x96 size-96x96 wp-post-image\" alt=\"Cyrille COQUARD\" \/><\/figure>\n\n<h2 class=\"has-text-align-center wp-block-post-title has-x-large-font-size\"><a href=\"https:\/\/nice.wordcamp.org\/2026\/speaker\/1966\/\" target=\"_self\" >Cyrille COQUARD<\/a><\/h2>\n\n\n<div class=\"wp-block-group has-global-padding is-layout-constrained wp-block-group-is-layout-constrained\"><a class=\"wp-block-read-more\" href=\"https:\/\/nice.wordcamp.org\/2026\/speaker\/1966\/\" target=\"_self\">Read More<span class=\"screen-reader-text\">\u00a0: Cyrille COQUARD<\/span><\/a><\/div>\n\n<\/li><li class=\"wp-block-post post-1781 wcb_speaker type-wcb_speaker status-publish hentry\">\n<figure style=\"width:96px;height:96px;\" class=\"aligncenter is-style-rounded wp-block-wordcamp-avatar\"><img decoding=\"async\" src=\"https:\/\/secure.gravatar.com\/avatar\/63f81d0801ab57539d9e029f161b38e7e29035925b507d399672799dd0766bd9?s=96&amp;d=mm&amp;r=g\" alt=\"Elie SLO\u00cfM\" \/><\/figure>\n\n<h2 class=\"has-text-align-center wp-block-post-title has-x-large-font-size\"><a href=\"https:\/\/nice.wordcamp.org\/2026\/speaker\/elie-sloim\/\" target=\"_self\" >Elie SLO\u00cfM<\/a><\/h2>\n\n\n<div class=\"wp-block-group has-global-padding is-layout-constrained wp-block-group-is-layout-constrained\"><a class=\"wp-block-read-more\" href=\"https:\/\/nice.wordcamp.org\/2026\/speaker\/elie-sloim\/\" target=\"_self\">Read More<span class=\"screen-reader-text\">\u00a0: Elie SLO\u00cfM<\/span><\/a><\/div>\n\n<\/li><li class=\"wp-block-post post-1628 wcb_speaker type-wcb_speaker status-publish has-post-thumbnail hentry\">\n<figure style=\"width:96px;height:96px;\" class=\"aligncenter is-style-rounded wp-block-wordcamp-avatar\"><img loading=\"lazy\" decoding=\"async\" width=\"96\" height=\"96\" src=\"https:\/\/nice.wordcamp.org\/2026\/files\/2026\/01\/emilie-lebrun-150x150.jpg\" class=\"attachment-96x96 size-96x96 wp-post-image\" alt=\"Emilie LEBRUN\" \/><\/figure>\n\n<h2 class=\"has-text-align-center wp-block-post-title has-x-large-font-size\"><a href=\"https:\/\/nice.wordcamp.org\/2026\/speaker\/emilie-lebrun\/\" target=\"_self\" >Emilie LEBRUN<\/a><\/h2>\n\n\n<div class=\"wp-block-group has-global-padding is-layout-constrained wp-block-group-is-layout-constrained\"><a class=\"wp-block-read-more\" href=\"https:\/\/nice.wordcamp.org\/2026\/speaker\/emilie-lebrun\/\" target=\"_self\">Read More<span class=\"screen-reader-text\">\u00a0: Emilie LEBRUN<\/span><\/a><\/div>\n\n<\/li><li class=\"wp-block-post post-1899 wcb_speaker type-wcb_speaker status-publish hentry\">\n<figure style=\"width:96px;height:96px;\" class=\"aligncenter is-style-rounded wp-block-wordcamp-avatar\"><img decoding=\"async\" src=\"https:\/\/secure.gravatar.com\/avatar\/b78e44ecf778489f45abfe2c79debd1c0a49b393aa463095982172b5cf8286c4?s=96&amp;d=mm&amp;r=g\" alt=\"Florian TRUCHOT\" \/><\/figure>\n\n<h2 class=\"has-text-align-center wp-block-post-title has-x-large-font-size\"><a href=\"https:\/\/nice.wordcamp.org\/2026\/speaker\/florian-truchot\/\" target=\"_self\" >Florian TRUCHOT<\/a><\/h2>\n\n\n<div class=\"wp-block-group has-global-padding is-layout-constrained wp-block-group-is-layout-constrained\"><a class=\"wp-block-read-more\" href=\"https:\/\/nice.wordcamp.org\/2026\/speaker\/florian-truchot\/\" target=\"_self\">Read More<span class=\"screen-reader-text\">\u00a0: Florian TRUCHOT<\/span><\/a><\/div>\n\n<\/li><li class=\"wp-block-post post-1902 wcb_speaker type-wcb_speaker status-publish hentry\">\n<figure style=\"width:96px;height:96px;\" class=\"aligncenter is-style-rounded wp-block-wordcamp-avatar\"><img decoding=\"async\" src=\"https:\/\/secure.gravatar.com\/avatar\/355409ae8afcd05c917396f8397389b34c5403b00d7fa753c4f2725ec19bed47?s=96&amp;d=mm&amp;r=g\" alt=\"Hadrien MONTAGNAC\" \/><\/figure>\n\n<h2 class=\"has-text-align-center wp-block-post-title has-x-large-font-size\"><a href=\"https:\/\/nice.wordcamp.org\/2026\/speaker\/hadrien-montagnac\/\" target=\"_self\" >Hadrien MONTAGNAC<\/a><\/h2>\n\n\n<div class=\"wp-block-group has-global-padding is-layout-constrained wp-block-group-is-layout-constrained\"><a class=\"wp-block-read-more\" href=\"https:\/\/nice.wordcamp.org\/2026\/speaker\/hadrien-montagnac\/\" target=\"_self\">Read More<span class=\"screen-reader-text\">\u00a0: Hadrien MONTAGNAC<\/span><\/a><\/div>\n\n<\/li><li class=\"wp-block-post post-1846 wcb_speaker type-wcb_speaker status-publish hentry\">\n<figure style=\"width:96px;height:96px;\" class=\"aligncenter is-style-rounded wp-block-wordcamp-avatar\"><img decoding=\"async\" src=\"https:\/\/secure.gravatar.com\/avatar\/f915aedb500850fd63724b4f3f68a0bdc3632b52236507a4e41382176e361455?s=96&amp;d=mm&amp;r=g\" alt=\"Jean-Baptiste COUTON\" \/><\/figure>\n\n<h2 class=\"has-text-align-center wp-block-post-title has-x-large-font-size\"><a href=\"https:\/\/nice.wordcamp.org\/2026\/speaker\/jean-baptiste-couton\/\" target=\"_self\" >Jean-Baptiste COUTON<\/a><\/h2>\n\n\n<div class=\"wp-block-group has-global-padding is-layout-constrained wp-block-group-is-layout-constrained\"><a class=\"wp-block-read-more\" href=\"https:\/\/nice.wordcamp.org\/2026\/speaker\/jean-baptiste-couton\/\" target=\"_self\">Read More<span class=\"screen-reader-text\">\u00a0: Jean-Baptiste COUTON<\/span><\/a><\/div>\n\n<\/li><li class=\"wp-block-post post-1840 wcb_speaker type-wcb_speaker status-publish hentry\">\n<figure style=\"width:96px;height:96px;\" class=\"aligncenter is-style-rounded wp-block-wordcamp-avatar\"><img decoding=\"async\" src=\"https:\/\/secure.gravatar.com\/avatar\/37fd5c88f988a358447fc38d0140e93c690fbe0fb650903143e2094ef82d8a31?s=96&amp;d=mm&amp;r=g\" alt=\"Joffrey JOCHUM\" \/><\/figure>\n\n<h2 class=\"has-text-align-center wp-block-post-title has-x-large-font-size\"><a href=\"https:\/\/nice.wordcamp.org\/2026\/speaker\/joffrey-jochum\/\" target=\"_self\" >Joffrey JOCHUM<\/a><\/h2>\n\n\n<div class=\"wp-block-group has-global-padding is-layout-constrained wp-block-group-is-layout-constrained\"><a class=\"wp-block-read-more\" href=\"https:\/\/nice.wordcamp.org\/2026\/speaker\/joffrey-jochum\/\" target=\"_self\">Read More<span class=\"screen-reader-text\">\u00a0: Joffrey JOCHUM<\/span><\/a><\/div>\n\n<\/li><li class=\"wp-block-post post-1923 wcb_speaker type-wcb_speaker status-publish hentry\">\n<figure style=\"width:96px;height:96px;\" class=\"aligncenter is-style-rounded wp-block-wordcamp-avatar\"><img decoding=\"async\" src=\"https:\/\/secure.gravatar.com\/avatar\/edd614e6da1715a564268e5c46eb25497f6648c56ca3cf5256539498c3816e8f?s=96&amp;d=mm&amp;r=g\" alt=\"Kovann LY\" \/><\/figure>\n\n<h2 class=\"has-text-align-center wp-block-post-title has-x-large-font-size\"><a href=\"https:\/\/nice.wordcamp.org\/2026\/speaker\/kovann-ly\/\" target=\"_self\" >Kovann LY<\/a><\/h2>\n\n\n<div class=\"wp-block-group has-global-padding is-layout-constrained wp-block-group-is-layout-constrained\"><a class=\"wp-block-read-more\" href=\"https:\/\/nice.wordcamp.org\/2026\/speaker\/kovann-ly\/\" target=\"_self\">Read More<span class=\"screen-reader-text\">\u00a0: Kovann LY<\/span><\/a><\/div>\n\n<\/li><li class=\"wp-block-post post-1676 wcb_speaker type-wcb_speaker status-publish has-post-thumbnail hentry\">\n<figure style=\"width:96px;height:96px;\" class=\"aligncenter is-style-rounded wp-block-wordcamp-avatar\"><img loading=\"lazy\" decoding=\"async\" width=\"96\" height=\"96\" src=\"https:\/\/nice.wordcamp.org\/2026\/files\/2026\/01\/maxime-bernard-jacquet-150x150.webp\" class=\"attachment-96x96 size-96x96 wp-post-image\" alt=\"Maxime BERNARD-JACQUET\" \/><\/figure>\n\n<h2 class=\"has-text-align-center wp-block-post-title has-x-large-font-size\"><a href=\"https:\/\/nice.wordcamp.org\/2026\/speaker\/maxime-bernard-jacquet\/\" target=\"_self\" >Maxime BERNARD-JACQUET<\/a><\/h2>\n\n\n<div class=\"wp-block-group has-global-padding is-layout-constrained wp-block-group-is-layout-constrained\"><a class=\"wp-block-read-more\" href=\"https:\/\/nice.wordcamp.org\/2026\/speaker\/maxime-bernard-jacquet\/\" target=\"_self\">Read More<span class=\"screen-reader-text\">\u00a0: Maxime BERNARD-JACQUET<\/span><\/a><\/div>\n\n<\/li><li class=\"wp-block-post post-1825 wcb_speaker type-wcb_speaker status-publish has-post-thumbnail hentry\">\n<figure style=\"width:96px;height:96px;\" class=\"aligncenter is-style-rounded wp-block-wordcamp-avatar\"><img loading=\"lazy\" decoding=\"async\" width=\"96\" height=\"96\" src=\"https:\/\/nice.wordcamp.org\/2026\/files\/2026\/01\/nicolas-riviere-150x150.webp\" class=\"attachment-96x96 size-96x96 wp-post-image\" alt=\"Nicolas RIVIERE\" srcset=\"https:\/\/nice.wordcamp.org\/2026\/files\/2026\/01\/nicolas-riviere-150x150.webp 150w, https:\/\/nice.wordcamp.org\/2026\/files\/2026\/01\/nicolas-riviere-300x300.webp 300w, https:\/\/nice.wordcamp.org\/2026\/files\/2026\/01\/nicolas-riviere-1024x1024.webp 1024w, https:\/\/nice.wordcamp.org\/2026\/files\/2026\/01\/nicolas-riviere-768x768.webp 768w, https:\/\/nice.wordcamp.org\/2026\/files\/2026\/01\/nicolas-riviere.webp 1500w\" sizes=\"auto, (max-width: 96px) 100vw, 96px\" \/><\/figure>\n\n<h2 class=\"has-text-align-center wp-block-post-title has-x-large-font-size\"><a href=\"https:\/\/nice.wordcamp.org\/2026\/speaker\/nicolas-riviere\/\" target=\"_self\" >Nicolas RIVIERE<\/a><\/h2>\n\n\n<div class=\"wp-block-group has-global-padding is-layout-constrained wp-block-group-is-layout-constrained\"><a class=\"wp-block-read-more\" href=\"https:\/\/nice.wordcamp.org\/2026\/speaker\/nicolas-riviere\/\" target=\"_self\">Read More<span class=\"screen-reader-text\">\u00a0: Nicolas RIVIERE<\/span><\/a><\/div>\n\n<\/li><li class=\"wp-block-post post-1592 wcb_speaker type-wcb_speaker status-publish has-post-thumbnail hentry\">\n<figure style=\"width:96px;height:96px;\" class=\"aligncenter is-style-rounded wp-block-wordcamp-avatar\"><img loading=\"lazy\" decoding=\"async\" width=\"96\" height=\"96\" src=\"https:\/\/nice.wordcamp.org\/2026\/files\/2026\/01\/pierre-lannoy-150x150.webp\" class=\"attachment-96x96 size-96x96 wp-post-image\" alt=\"Pierre LANNOY\" \/><\/figure>\n\n<h2 class=\"has-text-align-center wp-block-post-title has-x-large-font-size\"><a href=\"https:\/\/nice.wordcamp.org\/2026\/speaker\/pierre-lannoy\/\" target=\"_self\" >Pierre LANNOY<\/a><\/h2>\n\n\n<div class=\"wp-block-group has-global-padding is-layout-constrained wp-block-group-is-layout-constrained\"><a class=\"wp-block-read-more\" href=\"https:\/\/nice.wordcamp.org\/2026\/speaker\/pierre-lannoy\/\" target=\"_self\">Read More<span class=\"screen-reader-text\">\u00a0: Pierre LANNOY<\/span><\/a><\/div>\n\n<\/li><li class=\"wp-block-post post-1895 wcb_speaker type-wcb_speaker status-publish hentry\">\n<figure style=\"width:96px;height:96px;\" class=\"aligncenter is-style-rounded wp-block-wordcamp-avatar\"><img decoding=\"async\" src=\"https:\/\/secure.gravatar.com\/avatar\/e48522634e70bbfef758803185f792558188a0ba9e5152428cded9e20de53077?s=96&amp;d=mm&amp;r=g\" alt=\"Sandra SEYCHELLES\" \/><\/figure>\n\n<h2 class=\"has-text-align-center wp-block-post-title has-x-large-font-size\"><a href=\"https:\/\/nice.wordcamp.org\/2026\/speaker\/sandra-seychelles\/\" target=\"_self\" >Sandra SEYCHELLES<\/a><\/h2>\n\n\n<div class=\"wp-block-group has-global-padding is-layout-constrained wp-block-group-is-layout-constrained\"><a class=\"wp-block-read-more\" href=\"https:\/\/nice.wordcamp.org\/2026\/speaker\/sandra-seychelles\/\" target=\"_self\">Read More<span class=\"screen-reader-text\">\u00a0: Sandra SEYCHELLES<\/span><\/a><\/div>\n\n<\/li><li class=\"wp-block-post post-2581 wcb_speaker type-wcb_speaker status-publish hentry\">\n<figure style=\"width:96px;height:96px;\" class=\"aligncenter is-style-rounded wp-block-wordcamp-avatar\"><img decoding=\"async\" src=\"https:\/\/secure.gravatar.com\/avatar\/b7187239ded4268c847db1c34c28768133a53d5074842938b6bda88225d17ef3?s=96&amp;d=mm&amp;r=g\" alt=\"Steven PESCHETEAU\" \/><\/figure>\n\n<h2 class=\"has-text-align-center wp-block-post-title has-x-large-font-size\"><a href=\"https:\/\/nice.wordcamp.org\/2026\/speaker\/steven-pescheteau\/\" target=\"_self\" >Steven PESCHETEAU<\/a><\/h2>\n\n\n<div class=\"wp-block-group has-global-padding is-layout-constrained wp-block-group-is-layout-constrained\"><a class=\"wp-block-read-more\" href=\"https:\/\/nice.wordcamp.org\/2026\/speaker\/steven-pescheteau\/\" target=\"_self\">Read More<span class=\"screen-reader-text\">\u00a0: Steven PESCHETEAU<\/span><\/a><\/div>\n\n<\/li><li class=\"wp-block-post post-1952 wcb_speaker type-wcb_speaker status-publish hentry\">\n<figure style=\"width:96px;height:96px;\" class=\"aligncenter is-style-rounded wp-block-wordcamp-avatar\"><img decoding=\"async\" src=\"https:\/\/secure.gravatar.com\/avatar\/a1f09f74cc13e36be4aa0edc7ce56b7e6f38139058e776449ea2389562f0a882?s=96&amp;d=mm&amp;r=g\" alt=\"Sylvie CL\u00c9MENT\" \/><\/figure>\n\n<h2 class=\"has-text-align-center wp-block-post-title has-x-large-font-size\"><a href=\"https:\/\/nice.wordcamp.org\/2026\/speaker\/sylvie-clement\/\" target=\"_self\" >Sylvie CL\u00c9MENT<\/a><\/h2>\n\n\n<div class=\"wp-block-group has-global-padding is-layout-constrained wp-block-group-is-layout-constrained\"><a class=\"wp-block-read-more\" href=\"https:\/\/nice.wordcamp.org\/2026\/speaker\/sylvie-clement\/\" target=\"_self\">Read More<span class=\"screen-reader-text\">\u00a0: Sylvie CL\u00c9MENT<\/span><\/a><\/div>\n\n<\/li><li class=\"wp-block-post post-1602 wcb_speaker type-wcb_speaker status-publish hentry\">\n<figure style=\"width:96px;height:96px;\" class=\"aligncenter is-style-rounded wp-block-wordcamp-avatar\"><img decoding=\"async\" src=\"https:\/\/secure.gravatar.com\/avatar\/0c221a76155fde3ed092377348d32dc8f66ff08cda81b9bf9176d4e181d209fb?s=96&amp;d=mm&amp;r=g\" alt=\"Thierry PIGOT\" \/><\/figure>\n\n<h2 class=\"has-text-align-center wp-block-post-title has-x-large-font-size\"><a href=\"https:\/\/nice.wordcamp.org\/2026\/speaker\/thierry-pigot\/\" target=\"_self\" >Thierry PIGOT<\/a><\/h2>\n\n\n<div class=\"wp-block-group has-global-padding is-layout-constrained wp-block-group-is-layout-constrained\"><a class=\"wp-block-read-more\" href=\"https:\/\/nice.wordcamp.org\/2026\/speaker\/thierry-pigot\/\" target=\"_self\">Read More<span class=\"screen-reader-text\">\u00a0: Thierry PIGOT<\/span><\/a><\/div>\n\n<\/li><li class=\"wp-block-post post-1937 wcb_speaker type-wcb_speaker status-publish has-post-thumbnail hentry\">\n<figure style=\"width:96px;height:96px;\" class=\"aligncenter is-style-rounded wp-block-wordcamp-avatar\"><img loading=\"lazy\" decoding=\"async\" width=\"96\" height=\"96\" src=\"https:\/\/nice.wordcamp.org\/2026\/files\/2026\/01\/valentin-grenier-150x150.jpg\" class=\"attachment-96x96 size-96x96 wp-post-image\" alt=\"Valentin GRENIER\" srcset=\"https:\/\/nice.wordcamp.org\/2026\/files\/2026\/01\/valentin-grenier-150x150.jpg 150w, https:\/\/nice.wordcamp.org\/2026\/files\/2026\/01\/valentin-grenier-300x300.jpg 300w, https:\/\/nice.wordcamp.org\/2026\/files\/2026\/01\/valentin-grenier.jpg 450w\" sizes=\"auto, (max-width: 96px) 100vw, 96px\" \/><\/figure>\n\n<h2 class=\"has-text-align-center wp-block-post-title has-x-large-font-size\"><a href=\"https:\/\/nice.wordcamp.org\/2026\/speaker\/valentin-grenier\/\" target=\"_self\" >Valentin GRENIER<\/a><\/h2>\n\n\n<div class=\"wp-block-group has-global-padding is-layout-constrained wp-block-group-is-layout-constrained\"><a class=\"wp-block-read-more\" href=\"https:\/\/nice.wordcamp.org\/2026\/speaker\/valentin-grenier\/\" target=\"_self\">Read More<span class=\"screen-reader-text\">\u00a0: Valentin GRENIER<\/span><\/a><\/div>\n\n<\/li><\/ul><\/div>\n<\/div>\n\n\n\n<div class=\"wp-block-group has-global-padding is-layout-constrained wp-block-group-is-layout-constrained\" style=\"padding-top:162px\">\n<div class=\"wp-block-group is-layout-grid wp-container-core-group-is-layout-32750f31 wp-block-group-is-layout-grid\">\n<div class=\"wp-block-group wp-container-content-5b3e8f3d has-global-padding is-layout-constrained wp-container-core-group-is-layout-26d22677 wp-block-group-is-layout-constrained\" style=\"padding-left:32px\">\n<h3 class=\"wp-block-heading\">Le programme<\/h3>\n\n\n\n<p style=\"margin-top:0px\">du vendredi 6 mars 2026<\/p>\n<\/div>\n\n\n\n<div class=\"wp-block-group wp-container-content-b959ccbe has-global-padding is-layout-constrained wp-container-core-group-is-layout-26d22677 wp-block-group-is-layout-constrained\" style=\"padding-left:32px\">\n<h3 class=\"wp-block-heading\">#WCNICE<\/h3>\n\n\n\n<p style=\"margin-top:0px\">Hashtag officiel<\/p>\n<\/div>\n<\/div>\n\n\n\n<div class=\"wp-block-group has-border-color has-accent-4-border-color has-custom-lightest-background-color has-background has-global-padding is-layout-constrained wp-container-core-group-is-layout-1a1c0e64 wp-block-group-is-layout-constrained\" style=\"border-width:1px;border-top-left-radius:24px;border-top-right-radius:24px;border-bottom-left-radius:24px;border-bottom-right-radius:24px;padding-top:32px;padding-right:32px;padding-bottom:32px;padding-left:32px\">\n<div\n\tclass=\"wp-block-wordcamp-schedule alignwide is-loading\"\n\t\tdata-attributes=\"{&quot;__isStylesPreview&quot;:false,&quot;align&quot;:&quot;wide&quot;,&quot;chooseSpecificDays&quot;:false,&quot;chosenDays&quot;:[],&quot;chooseSpecificTracks&quot;:false,&quot;chosenTrackIds&quot;:[],&quot;showCategories&quot;:true,&quot;useClientTimezone&quot;:false}\"\n>\n\tChargement&#8230;<\/div>\n\n\n\t<div class=\"email-form fav-session-email-form-hide\">\n\t\t<!-- Tab links -->\n\t\t<div class=\"fav-session-share-tab\">\n\t\t\t\t\t\t\t<div class=\"fav-session-tablinks\" id=\"fav-session-btn-email\">\n\t\t\t\t\tE-mail\t\t\t\t<\/div>\n\t\t\t\n\t\t\t<div class=\"fav-session-tablinks\" id=\"fav-session-btn-link\">\n\t\t\t\tLien\t\t\t<\/div>\n\n\t\t\t<div class=\"fav-session-tablinks\" id=\"fav-session-btn-print\">\n\t\t\t\tImprimer\t\t\t<\/div>\n\t\t<\/div>\n\n\t\t<!-- Tab content -->\n\t\t\t\t\t<div id=\"fav-session-tab-email\" class=\"fav-session-share-tabcontent\">\n\t\t\t\t<div id=\"fav-session-email-form\">\n\t\t\t\t\tM\u2019envoyer mes sessions favorites\u00a0:\n\t\t\t\t\t<form id=\"fav-sessions-form\">\n\t\t\t\t\t\t<input\n\t\t\t\t\t\t\ttype=\"text\"\n\t\t\t\t\t\t\tname=\"email_address\"\n\t\t\t\t\t\t\tid=\"fav-sessions-email-address\"\n\t\t\t\t\t\t\tplaceholder=\"me@protonmail.com\"\n\t\t\t\t\t\t\/>\n\t\t\t\t\t\t<input type=\"submit\" value=\"Envoyer\" \/>\n\t\t\t\t\t<\/form>\n\t\t\t\t<\/div>\n\n\t\t\t\t<div class=\"fav-session-email-wait-spinner\"><\/div>\n\t\t\t\t<div class=\"fav-session-email-result\"><\/div>\n\t\t\t<\/div>\n\t\t\n\t\t<div id=\"fav-session-tab-link\" class=\"fav-session-share-tabcontent\">\n\t\t\tLien partageable\u00a0:\t\t\t<br \/>\n\t\t\t<a id=\"fav-sessions-link\" href=\"\"><\/a>\n\t\t<\/div>\n\n\t\t<div id=\"fav-session-tab-print\" class=\"fav-session-share-tabcontent\">\n\t\t\t<button id=\"fav-session-print\">\n\t\t\t\tAfficher les sessions favorites\t\t\t<\/button>\n\t\t<\/div>\n\t<\/div>\n\n\t<a class=\"show-email-form\" href=\"javascript:\">\n\t\t<span class=\"dashicons dashicons-star-filled\"><\/span>\n\t\t<span class=\"dashicons dashicons-email-alt\"><\/span>\n\t<\/a>\n\n\t<\/div>\n\n\n\n<div class=\"wp-block-group has-global-padding is-layout-constrained wp-block-group-is-layout-constrained\">\n<div class=\"wp-block-buttons is-content-justification-center is-layout-flex wp-container-core-buttons-is-layout-a89b3969 wp-block-buttons-is-layout-flex\">\n<div class=\"wp-block-button book-icon\"><a class=\"wp-block-button__link wp-element-button\" href=\"https:\/\/nice.wordcamp.org\/2026\/billetterie\/\">R\u00e9server ma place<\/a><\/div>\n\n\n\n<div class=\"wp-block-button is-style-outline is-style-outline--1\"><a class=\"wp-block-button__link wp-element-button\" href=\"https:\/\/nice.wordcamp.org\/2026\/location\/\">D\u00e9couvrir le lieu<\/a><\/div>\n<\/div>\n<\/div>\n<\/div>\n\n\n\n<p><\/p>\n","protected":false},"excerpt":{"rendered":"<p>Nos orateurs Ce sont leurs id\u00e9es, leurs parcours et leur passion qui feront vibrer le WordCamp Nice 2026. \ud83c\udfa4Chacun\u00b7e \u00e0 sa mani\u00e8re apporte une vision, une exp\u00e9rience, une \u00e9tincelle&#8230; bref, de quoi repartir inspir\u00e9 et plein d\u2019envies nouvelles. Le programme du vendredi 6 mars 2026 #WCNICE Hashtag officiel<\/p>\n","protected":false},"author":14055720,"featured_media":0,"parent":0,"menu_order":0,"comment_status":"closed","ping_status":"closed","template":"titre-dans-header","meta":{"jetpack_post_was_ever_published":false,"footnotes":""},"class_list":["post-8","page","type-page","status-publish","hentry"],"jetpack_sharing_enabled":true,"_links":{"self":[{"href":"https:\/\/nice.wordcamp.org\/2026\/wp-json\/wp\/v2\/pages\/8","targetHints":{"allow":["GET"]}}],"collection":[{"href":"https:\/\/nice.wordcamp.org\/2026\/wp-json\/wp\/v2\/pages"}],"about":[{"href":"https:\/\/nice.wordcamp.org\/2026\/wp-json\/wp\/v2\/types\/page"}],"author":[{"embeddable":true,"href":"https:\/\/nice.wordcamp.org\/2026\/wp-json\/wp\/v2\/users\/14055720"}],"replies":[{"embeddable":true,"href":"https:\/\/nice.wordcamp.org\/2026\/wp-json\/wp\/v2\/comments?post=8"}],"version-history":[{"count":9,"href":"https:\/\/nice.wordcamp.org\/2026\/wp-json\/wp\/v2\/pages\/8\/revisions"}],"predecessor-version":[{"id":2481,"href":"https:\/\/nice.wordcamp.org\/2026\/wp-json\/wp\/v2\/pages\/8\/revisions\/2481"}],"wp:attachment":[{"href":"https:\/\/nice.wordcamp.org\/2026\/wp-json\/wp\/v2\/media?parent=8"}],"curies":[{"name":"wp","href":"https:\/\/api.w.org\/{rel}","templated":true}]}}